{"id":521,"date":"2019-04-10T15:17:16","date_gmt":"2019-04-10T15:17:16","guid":{"rendered":"https:\/\/www.coachpartners.be\/?page_id=521"},"modified":"2019-07-04T11:36:21","modified_gmt":"2019-07-04T11:36:21","slug":"transport-bus-scolaire","status":"publish","type":"page","link":"https:\/\/www.coachpartners.be\/fr\/transport-bus-scolaire\/","title":{"rendered":"Bus scolaire"},"content":{"rendered":"<p>[vc_row full_width=\u00a0\u00bbstretch_row\u00a0\u00bb css=\u00a0\u00bb.vc_custom_1551987725257{margin-top: 35px !important;margin-bottom: 35px !important;}\u00a0\u00bb][vc_column width=\u00a0\u00bb2\/3&Prime;][vc_column_text]<\/p>\n<h2>TRANSPORT ALLER-RETOUR QUOTIDIEN \u00c0 L&rsquo;\u00c9COLE<\/h2>\n<p>&nbsp;<\/p>\n<p><strong>En voiture! Le bus scolaire part&#8230;<\/strong><\/p>\n<p>Les \u00e9coliers sont trop jeunes pour aller \u00e0 v\u00e9lo, l&rsquo;\u00e9cole est trop \u00e9loign\u00e9e ou il y a un manque de transports en commun dans la r\u00e9gion\u00a0? Coach Partners organise un\u00a0service de bus quotidien en partenariat avec votre \u00e9cole. Ainsi, tous les \u00e9coliers sont pris en charge quotidiennement et ramen\u00e9s chez eux en toute s\u00e9curit\u00e9. Un transport quotidien en bus pour aller \u00e0 l&rsquo;\u00e9cole peut \u00eatre mis en place en consultation avec l&rsquo;administration de l&rsquo;\u00e9tablissement. Nous nous adaptons bien \u00e9videmment \u00e0 vos heures de classe.\u00a0Obtenir plus d&rsquo;informations.<\/p>\n<p>&nbsp;<\/p>\n<p><strong>En bus \u00e0 la piscine<\/strong><\/p>\n<p>Une sortie hebdomadaire \u00e0 la piscine ou un bus suppl\u00e9mentaire pour une activit\u00e9 scolaire sp\u00e9ciale\u00a0? Coach Partners s&rsquo;assure que tous les \u00e9coliers arrivent \u00e0 l&rsquo;heure. Les enseignants, les \u00e9l\u00e8ves et les parents appr\u00e9cieront. Car louer un bus scolaire est avantageux sur le plan \u00e9conomique, s\u00fbr et agr\u00e9able pour les enfants.\u00a0Demandez un devis.<\/p>\n<p>&nbsp;<\/p>\n<p><strong>Voyage scolaire en bus<\/strong><\/p>\n<p>Louer un bus pour des classes vertes, des cours de sport ou des voyages scolaires\u00a0? Nous pouvons nous soucier de l&rsquo;organisation d&rsquo;une excursion \u00e0 votre place. Cela peut \u00eatre propos\u00e9 pour une excursion d&rsquo;une journ\u00e9e avec des \u00e9coliers du primaire, une excursion avec des \u00e9l\u00e8ves du secondaire ou une excursion de plusieurs jours avec des \u00e9tudiants. Notre flotte offre de nombreuses options pour les classes, quel que soit l&rsquo;\u00e2ge des \u00e9l\u00e8ves.\u00a0Demandez un devis pour votre voyage scolaire.[\/vc_column_text][\/vc_column][vc_column width=\u00a0\u00bb1\/3&Prime; css=\u00a0\u00bb.vc_custom_1551987618283{padding-top: 15px !important;padding-right: 15px !important;padding-bottom: 15px !important;padding-left: 15px !important;}\u00a0\u00bb]<div class=\"ubtn-img-container  vc_custom_1562240180483\"><img decoding=\"async\" src=\"https:\/\/www.coachpartners.be\/wp-content\/uploads\/2019\/03\/65809f50-741b-4091-ab23-ff948f2df9c8.jpg\" alt=\"null\"\/><div class=\"ubtn-ctn-center \"><a class=\"ubtn-link ult-adjust-bottom-margin ubtn-center ubtn-large \" href=\"https:\/\/www.coachpartners.be\/fr\/devis-contact-autocar\/\" title=\"Deviz&amp;Contact\" ><button type=\"button\" id=\"ubtn-1979\"  class=\"ubtn ult-adjust-bottom-margin ult-responsive ubtn-large ubtn-fade-bg  ulta-hover  ubtn-center   tooltip-6a083642c7cd3\"  data-hover=\"#ffffff\" data-border-color=\"\" data-bg=\"#d5b804\" data-hover-bg=\"#d5b804\" data-border-hover=\"\" data-shadow-hover=\"\" data-shadow-click=\"none\" data-shadow=\"\" data-shd-shadow=\"\"  data-ultimate-target='#ubtn-1979'  data-responsive-json-new='{\"font-size\":\"desktop:22px;\",\"line-height\":\"\"}'  style=\"font-family:&#039;Poppins&#039;;font-weight:300;border:none;background: #d5b804;color: #ffffff;\"><span class=\"ubtn-hover\" style=\"background-color:#d5b804\"><\/span><span class=\"ubtn-data ubtn-text \" >Demandez votre devis d\u2019autocar ici<\/span><\/button><\/a><\/div><\/div>[vc_empty_space]<div class=\"ubtn-img-container  vc_custom_1562240193528\"><img decoding=\"async\" src=\"https:\/\/www.coachpartners.be\/wp-content\/uploads\/2019\/03\/vestiging-coachpartners.png\" alt=\"null\"\/><div class=\"ubtn-ctn-center \"><a class=\"ubtn-link ult-adjust-bottom-margin ubtn-center ubtn-large \" href=\"https:\/\/www.coachpartners.be\/fr\/devis-contact-autocar\/#\u00e9tablissement\" title=\"Deviz&amp;Contact\" ><button type=\"button\" id=\"ubtn-8139\"  class=\"ubtn ult-adjust-bottom-margin ult-responsive ubtn-large ubtn-fade-bg  ulta-hover  ubtn-center   tooltip-6a083642c84cb\"  data-hover=\"#0a0a0a\" data-border-color=\"\" data-bg=\"#eae6c5\" data-hover-bg=\"#eae6c5\" data-border-hover=\"\" data-shadow-hover=\"\" data-shadow-click=\"none\" data-shadow=\"\" data-shd-shadow=\"\"  data-ultimate-target='#ubtn-8139'  data-responsive-json-new='{\"font-size\":\"desktop:22px;\",\"line-height\":\"\"}'  style=\"font-family:&#039;Poppins&#039;;font-weight:300;border:none;background: #eae6c5;color: #000000;\"><span class=\"ubtn-hover\" style=\"background-color:#eae6c5\"><\/span><span class=\"ubtn-data ubtn-text \" >Contactez votre agence<\/span><\/button><\/a><\/div><\/div>[\/vc_column][\/vc_row][vc_row full_width=\u00a0\u00bbstretch_row\u00a0\u00bb content_placement=\u00a0\u00bbmiddle\u00a0\u00bb bg_type=\u00a0\u00bbbg_color\u00a0\u00bb css=\u00a0\u00bb.vc_custom_1553786029285{padding-top: 0px !important;padding-bottom: 0px !important;}\u00a0\u00bb bg_color_value=\u00a0\u00bb#ededed\u00a0\u00bb][vc_column css=\u00a0\u00bb.vc_custom_1551988127363{padding-top: 0px !important;}\u00a0\u00bb][vc_empty_space][vc_video link=\u00a0\u00bbhttps:\/\/www.youtube.com\/watch?v=MXvIDi_F-rE&amp;t=1s\u00a0\u00bb][\/vc_column][\/vc_row][vc_row full_width=\u00a0\u00bbstretch_row\u00a0\u00bb content_placement=\u00a0\u00bbmiddle\u00a0\u00bb css=\u00a0\u00bb.vc_custom_1554822168588{padding-top: 0px !important;padding-bottom: 0px !important;background-color: #1a2f4c !important;}\u00a0\u00bb][vc_column width=\u00a0\u00bb2\/3&Prime; css=\u00a0\u00bb.vc_custom_1551988127363{padding-top: 0px !important;}\u00a0\u00bb]<div id=\"ultimate-heading-46466a083642c8a54\" class=\"uvc-heading ult-adjust-bottom-margin ultimate-heading-46466a083642c8a54 uvc-7574 \" data-hspacer=\"no_spacer\"  data-halign=\"center\" style=\"text-align:center\"><div class=\"uvc-heading-spacer no_spacer\" style=\"top\"><\/div><div class=\"uvc-main-heading ult-responsive\"  data-ultimate-target='.uvc-heading.ultimate-heading-46466a083642c8a54 h2'  data-responsive-json-new='{\"font-size\":\"\",\"line-height\":\"\"}' ><h2 style=\"font-family:&#039;Poppins&#039;;font-weight:600;color:#ffffff;\">Vous souhaitez prendre une formule compl\u00e8te? D\u00e9couvrez nos voyages Viamundi &gt;<\/h2><\/div><\/div>[\/vc_column][vc_column width=\u00a0\u00bb1\/3&Prime;][vc_single_image image=\u00a0\u00bb219&Prime; img_size=\u00a0\u00bbfull\u00a0\u00bb onclick=\u00a0\u00bbcustom_link\u00a0\u00bb img_link_target=\u00a0\u00bb_blank\u00a0\u00bb link=\u00a0\u00bbhttp:\/\/www.viamundi.be\/\u00a0\u00bb][\/vc_column][\/vc_row]<\/p>\n","protected":false},"excerpt":{"rendered":"<p>[vc_row full_width=\u00a0\u00bbstretch_row\u00a0\u00bb css=\u00a0\u00bb.vc_custom_1551987725257{margin-top: 35px !important;margin-bottom: 35px !important;}\u00a0\u00bb][vc_column width=\u00a0\u00bb2\/3&Prime;][vc_column_text] TRANSPORT ALLER-RETOUR QUOTIDIEN \u00c0 L&rsquo;\u00c9COLE &nbsp; En voiture! Le&#8230;<\/p>\n<div class=\"read_more\"><a href=\"https:\/\/www.coachpartners.be\/fr\/transport-bus-scolaire\/\">Lees Meer<\/a><\/div>\n","protected":false},"author":2,"featured_media":0,"parent":0,"menu_order":0,"comment_status":"closed","ping_status":"closed","template":"","meta":{"footnotes":""},"class_list":["post-521","page","type-page","status-publish","hentry"],"acf":[],"yoast_head":"<!-- This site is optimized with the Yoast SEO plugin v16.4 - https:\/\/yoast.com\/wordpress\/plugins\/seo\/ -->\n<meta name=\"robots\" content=\"index, follow, max-snippet:-1, max-image-preview:large, max-video-preview:-1\" \/>\n<link rel=\"canonical\" href=\"https:\/\/www.coachpartners.be\/fr\/transport-bus-scolaire\/\" \/>\n<meta property=\"og:locale\" content=\"fr_FR\" \/>\n<meta property=\"og:type\" content=\"article\" \/>\n<meta property=\"og:title\" content=\"Bus scolaire - Coach Partners\" \/>\n<meta property=\"og:description\" content=\"[vc_row full_width=\u00a0\u00bbstretch_row\u00a0\u00bb css=\u00a0\u00bb.vc_custom_1551987725257{margin-top: 35px !important;margin-bottom: 35px !important;}\u00a0\u00bb][vc_column width=\u00a0\u00bb2\/3&Prime;][vc_column_text] TRANSPORT ALLER-RETOUR QUOTIDIEN \u00c0 L&rsquo;\u00c9COLE &nbsp; En voiture! Le...Lees Meer\" \/>\n<meta property=\"og:url\" content=\"https:\/\/www.coachpartners.be\/fr\/transport-bus-scolaire\/\" \/>\n<meta property=\"og:site_name\" content=\"Coach Partners\" \/>\n<meta property=\"article:publisher\" content=\"https:\/\/www.facebook.com\/Coach-Partners-223185087693390\/\" \/>\n<meta property=\"article:modified_time\" content=\"2019-07-04T11:36:21+00:00\" \/>\n<meta name=\"twitter:card\" content=\"summary_large_image\" \/>\n<meta name=\"twitter:label1\" content=\"Dur\u00e9e de lecture est.\" \/>\n\t<meta name=\"twitter:data1\" content=\"3 minutes\" \/>\n<script type=\"application\/ld+json\" class=\"yoast-schema-graph\">{\"@context\":\"https:\/\/schema.org\",\"@graph\":[{\"@type\":\"Organization\",\"@id\":\"https:\/\/www.coachpartners.be\/nl\/#organization\",\"name\":\"Coach Partners\",\"url\":\"https:\/\/www.coachpartners.be\/nl\/\",\"sameAs\":[\"https:\/\/www.facebook.com\/Coach-Partners-223185087693390\/\"],\"logo\":{\"@type\":\"ImageObject\",\"@id\":\"https:\/\/www.coachpartners.be\/nl\/#logo\",\"inLanguage\":\"fr-FR\",\"url\":\"https:\/\/www.coachpartners.be\/wp-content\/uploads\/2019\/03\/footer-logo.png\",\"contentUrl\":\"https:\/\/www.coachpartners.be\/wp-content\/uploads\/2019\/03\/footer-logo.png\",\"width\":297,\"height\":75,\"caption\":\"Coach Partners\"},\"image\":{\"@id\":\"https:\/\/www.coachpartners.be\/nl\/#logo\"}},{\"@type\":\"WebSite\",\"@id\":\"https:\/\/www.coachpartners.be\/nl\/#website\",\"url\":\"https:\/\/www.coachpartners.be\/nl\/\",\"name\":\"Coach Partners\",\"description\":\"\",\"publisher\":{\"@id\":\"https:\/\/www.coachpartners.be\/nl\/#organization\"},\"potentialAction\":[{\"@type\":\"SearchAction\",\"target\":\"https:\/\/www.coachpartners.be\/nl\/?s={search_term_string}\",\"query-input\":\"required name=search_term_string\"}],\"inLanguage\":\"fr-FR\"},{\"@type\":\"WebPage\",\"@id\":\"https:\/\/www.coachpartners.be\/fr\/transport-bus-scolaire\/#webpage\",\"url\":\"https:\/\/www.coachpartners.be\/fr\/transport-bus-scolaire\/\",\"name\":\"Bus scolaire - Coach Partners\",\"isPartOf\":{\"@id\":\"https:\/\/www.coachpartners.be\/nl\/#website\"},\"datePublished\":\"2019-04-10T15:17:16+00:00\",\"dateModified\":\"2019-07-04T11:36:21+00:00\",\"breadcrumb\":{\"@id\":\"https:\/\/www.coachpartners.be\/fr\/transport-bus-scolaire\/#breadcrumb\"},\"inLanguage\":\"fr-FR\",\"potentialAction\":[{\"@type\":\"ReadAction\",\"target\":[\"https:\/\/www.coachpartners.be\/fr\/transport-bus-scolaire\/\"]}]},{\"@type\":\"BreadcrumbList\",\"@id\":\"https:\/\/www.coachpartners.be\/fr\/transport-bus-scolaire\/#breadcrumb\",\"itemListElement\":[{\"@type\":\"ListItem\",\"position\":1,\"item\":{\"@type\":\"WebPage\",\"@id\":\"https:\/\/www.coachpartners.be\/fr\/\",\"url\":\"https:\/\/www.coachpartners.be\/fr\/\",\"name\":\"Home\"}},{\"@type\":\"ListItem\",\"position\":2,\"item\":{\"@id\":\"https:\/\/www.coachpartners.be\/fr\/transport-bus-scolaire\/#webpage\"}}]}]}<\/script>\n<!-- \/ Yoast SEO plugin. -->","_links":{"self":[{"href":"https:\/\/www.coachpartners.be\/fr\/wp-json\/wp\/v2\/pages\/521\/"}],"collection":[{"href":"https:\/\/www.coachpartners.be\/fr\/wp-json\/wp\/v2\/pages\/"}],"about":[{"href":"https:\/\/www.coachpartners.be\/fr\/wp-json\/wp\/v2\/types\/page\/"}],"author":[{"embeddable":true,"href":"https:\/\/www.coachpartners.be\/fr\/wp-json\/wp\/v2\/users\/2\/"}],"replies":[{"embeddable":true,"href":"https:\/\/www.coachpartners.be\/fr\/wp-json\/wp\/v2\/comments\/?post=521"}],"version-history":[{"count":6,"href":"https:\/\/www.coachpartners.be\/fr\/wp-json\/wp\/v2\/pages\/521\/revisions\/"}],"predecessor-version":[{"id":1233,"href":"https:\/\/www.coachpartners.be\/fr\/wp-json\/wp\/v2\/pages\/521\/revisions\/1233\/"}],"wp:attachment":[{"href":"https:\/\/www.coachpartners.be\/fr\/wp-json\/wp\/v2\/media\/?parent=521"}],"curies":[{"name":"wp","href":"https:\/\/api.w.org\/{rel}","templated":true}]}}