{"id":526,"date":"2019-04-10T15:27:39","date_gmt":"2019-04-10T15:27:39","guid":{"rendered":"https:\/\/www.coachpartners.be\/?page_id=526"},"modified":"2019-07-04T11:37:32","modified_gmt":"2019-07-04T11:37:32","slug":"flotte","status":"publish","type":"page","link":"https:\/\/www.coachpartners.be\/fr\/flotte\/","title":{"rendered":"Flotte"},"content":{"rendered":"<p>[vc_row full_width=\u00a0\u00bbstretch_row\u00a0\u00bb css=\u00a0\u00bb.vc_custom_1554912391489{margin-top: 35px !important;margin-bottom: 35px !important;}\u00a0\u00bb][vc_column][vc_column_text]<\/p>\n<div class=\"small-12 columns\">\n<h2>UN BUS OU UN AUTOCAR SUR MESURE<\/h2>\n<\/div>\n<div class=\"small-12 medium-8 columns\">\n<p>&nbsp;<\/p>\n<p><strong>&lsquo;Un bus pour chaque trajet!&rsquo;<\/strong><\/p>\n<p>Autocars de luxe confortables, autobus de lignes ou autobus \u00e9conomiques pour les \u00e9coles\u00a0: avec plus de 400 v\u00e9hicules, la compagnie de bus Coach Partners dispose d&rsquo;une vaste flotte de v\u00e9hicules. Un bus pour chaque groupe cible et pour chaque type de voyage. Tous les v\u00e9hicules sont r\u00e9cents et s\u00fbrs. En outre, la flotte est en renouvellement continu pour r\u00e9pondre aux attentes des voyageurs d&rsquo;aujourd&rsquo;hui. Chaque jour, nos chauffeurs de bus professionnels se d\u00e9placent avec des bus de constructeurs connus tels que Setra, Mercedes, MAN et VDL.<\/p>\n<\/div>\n<p>[\/vc_column_text][\/vc_column][\/vc_row][vc_row][vc_column width=\u00a0\u00bb1\/4&Prime;][vc_single_image image=\u00a0\u00bb162&Prime; img_size=\u00a0\u00bbfull\u00a0\u00bb style=\u00a0\u00bbvc_box_border\u00a0\u00bb onclick=\u00a0\u00bbcustom_link\u00a0\u00bb link=\u00a0\u00bbhttps:\/\/www.coachpartners.be\/fr\/flotte\/autocars-de-luxe\/\u00a0\u00bb css=\u00a0\u00bb.vc_custom_1556192045672{margin-bottom: 20px !important;}\u00a0\u00bb][vc_column_text]<\/p>\n<h3 style=\"text-align: center;\">Autocars de luxe<\/h3>\n<p style=\"text-align: center;\">De l&rsquo;autocar de luxe au minibus VIP<\/p>\n<p>[\/vc_column_text][\/vc_column][vc_column width=\u00a0\u00bb1\/4&Prime;][vc_single_image image=\u00a0\u00bb172&Prime; img_size=\u00a0\u00bbfull\u00a0\u00bb style=\u00a0\u00bbvc_box_border\u00a0\u00bb onclick=\u00a0\u00bbcustom_link\u00a0\u00bb link=\u00a0\u00bbhttps:\/\/www.coachpartners.be\/fr\/flotte\/autobus-scolaires\/\u00a0\u00bb css=\u00a0\u00bb.vc_custom_1556192067070{margin-bottom: 20px !important;}\u00a0\u00bb][vc_column_text]<\/p>\n<h3 style=\"text-align: center;\">Bus scolaires<\/h3>\n<p style=\"text-align: center;\">Le bus scolaire\u00a0: s\u00fbr et \u00e9conomique<\/p>\n<p>[\/vc_column_text][\/vc_column][vc_column width=\u00a0\u00bb1\/4&Prime;][vc_single_image image=\u00a0\u00bb177&Prime; img_size=\u00a0\u00bbfull\u00a0\u00bb style=\u00a0\u00bbvc_box_border\u00a0\u00bb onclick=\u00a0\u00bbcustom_link\u00a0\u00bb link=\u00a0\u00bbhttps:\/\/www.coachpartners.be\/fr\/flotte\/transports-publics\/\u00a0\u00bb css=\u00a0\u00bb.vc_custom_1556192098463{margin-bottom: 20px !important;}\u00a0\u00bb][vc_column_text]<\/p>\n<h3 style=\"text-align: center;\">Autobus<\/h3>\n<p style=\"text-align: center;\">Louer un autobus<\/p>\n<p>[\/vc_column_text][\/vc_column][vc_column width=\u00a0\u00bb1\/4&Prime;][vc_single_image image=\u00a0\u00bb180&Prime; img_size=\u00a0\u00bbfull\u00a0\u00bb style=\u00a0\u00bbvc_box_border\u00a0\u00bb onclick=\u00a0\u00bbcustom_link\u00a0\u00bb link=\u00a0\u00bbhttps:\/\/www.coachpartners.be\/fr\/flotte\/remorques\/\u00a0\u00bb css=\u00a0\u00bb.vc_custom_1556192127252{margin-bottom: 20px !important;}\u00a0\u00bb][vc_column_text]<\/p>\n<h3 style=\"text-align: center;\">Remorques<\/h3>\n<p style=\"text-align: center;\">Espace pour les v\u00e9los ou les bagages suppl\u00e9mentaires<\/p>\n<p>[\/vc_column_text][\/vc_column][\/vc_row][vc_row full_width=\u00a0\u00bbstretch_row\u00a0\u00bb bg_type=\u00a0\u00bbbg_color\u00a0\u00bb bg_color_value=\u00a0\u00bb#ededed\u00a0\u00bb][vc_column width=\u00a0\u00bb2\/3&Prime;][vc_empty_space][vc_column_text]<\/p>\n<h3>Flexible selon vos besoins<\/h3>\n<p>Gr\u00e2ce \u00e0 notre vaste flotte de v\u00e9hicules et nos d\u00e9p\u00f4ts en Flandre-Occidentale, Flandre-Orientale, Brabant flamand, Anvers et Hainaut, nous pouvons r\u00e9pondre avec souplesse \u00e0 tous les besoins. Un court s\u00e9jour au meilleur prix ou un voyage confortable de plusieurs jours \u00e0 bord d&rsquo;un autocar de luxe\u00a0? Vous demandez, nous roulons \u2013 au volant, bien s\u00fbr. Nos autobus et autocars ont une\u00a0capacit\u00e9 variable. De 16 personnes \u00e0 92 passagers. La flotte propose \u00e9galement des solutions pour les personnes en fauteuil roulant.[\/vc_column_text][vc_empty_space][\/vc_column][vc_column width=\u00a0\u00bb1\/3&Prime;]<div class=\"ubtn-img-container  vc_custom_1562240265737\"><img decoding=\"async\" src=\"https:\/\/www.coachpartners.be\/wp-content\/uploads\/2019\/03\/65809f50-741b-4091-ab23-ff948f2df9c8.jpg\" alt=\"null\"\/><div class=\"ubtn-ctn-center \"><a class=\"ubtn-link ult-adjust-bottom-margin ubtn-center ubtn-large \" href=\"https:\/\/www.coachpartners.be\/fr\/devis-contact-autocar\/\" title=\"Deviz&amp;Contact\" ><button type=\"button\" id=\"ubtn-5432\"  class=\"ubtn ult-adjust-bottom-margin ult-responsive ubtn-large ubtn-fade-bg  ulta-hover  ubtn-center   tooltip-69f4922f5fe5d\"  data-hover=\"#ffffff\" data-border-color=\"\" data-bg=\"#d5b804\" data-hover-bg=\"#d5b804\" data-border-hover=\"\" data-shadow-hover=\"\" data-shadow-click=\"none\" data-shadow=\"\" data-shd-shadow=\"\"  data-ultimate-target='#ubtn-5432'  data-responsive-json-new='{\"font-size\":\"desktop:22px;\",\"line-height\":\"\"}'  style=\"font-family:&#039;Poppins&#039;;font-weight:300;border:none;background: #d5b804;color: #ffffff;\"><span class=\"ubtn-hover\" style=\"background-color:#d5b804\"><\/span><span class=\"ubtn-data ubtn-text \" >Demandez votre devis d\u2019autocar ici<\/span><\/button><\/a><\/div><\/div>[vc_empty_space][\/vc_column][\/vc_row][vc_row full_width=\u00a0\u00bbstretch_row\u00a0\u00bb content_placement=\u00a0\u00bbmiddle\u00a0\u00bb css=\u00a0\u00bb.vc_custom_1554822168588{padding-top: 0px !important;padding-bottom: 0px !important;background-color: #1a2f4c !important;}\u00a0\u00bb][vc_column width=\u00a0\u00bb2\/3&Prime; css=\u00a0\u00bb.vc_custom_1551988127363{padding-top: 0px !important;}\u00a0\u00bb]<div id=\"ultimate-heading-352369f4922f605af\" class=\"uvc-heading ult-adjust-bottom-margin ultimate-heading-352369f4922f605af uvc-9837 \" data-hspacer=\"no_spacer\"  data-halign=\"center\" style=\"text-align:center\"><div class=\"uvc-heading-spacer no_spacer\" style=\"top\"><\/div><div class=\"uvc-main-heading ult-responsive\"  data-ultimate-target='.uvc-heading.ultimate-heading-352369f4922f605af h2'  data-responsive-json-new='{\"font-size\":\"\",\"line-height\":\"\"}' ><h2 style=\"font-family:&#039;Poppins&#039;;font-weight:600;color:#ffffff;\">Vous souhaitez prendre une formule compl\u00e8te? D\u00e9couvrez nos voyages Viamundi &gt;<\/h2><\/div><\/div>[\/vc_column][vc_column width=\u00a0\u00bb1\/3&Prime;][vc_single_image image=\u00a0\u00bb219&Prime; img_size=\u00a0\u00bbfull\u00a0\u00bb onclick=\u00a0\u00bbcustom_link\u00a0\u00bb img_link_target=\u00a0\u00bb_blank\u00a0\u00bb link=\u00a0\u00bbhttp:\/\/www.viamundi.be\/\u00a0\u00bb][\/vc_column][\/vc_row]<\/p>\n","protected":false},"excerpt":{"rendered":"<p>[vc_row full_width=\u00a0\u00bbstretch_row\u00a0\u00bb css=\u00a0\u00bb.vc_custom_1554912391489{margin-top: 35px !important;margin-bottom: 35px !important;}\u00a0\u00bb][vc_column][vc_column_text] UN BUS OU UN AUTOCAR SUR MESURE &nbsp; &lsquo;Un bus&#8230;<\/p>\n<div class=\"read_more\"><a href=\"https:\/\/www.coachpartners.be\/fr\/flotte\/\">Lees Meer<\/a><\/div>\n","protected":false},"author":2,"featured_media":0,"parent":0,"menu_order":0,"comment_status":"closed","ping_status":"closed","template":"","meta":{"footnotes":""},"class_list":["post-526","page","type-page","status-publish","hentry"],"acf":[],"yoast_head":"<!-- This site is optimized with the Yoast SEO plugin v16.4 - https:\/\/yoast.com\/wordpress\/plugins\/seo\/ -->\n<meta name=\"robots\" content=\"index, follow, max-snippet:-1, max-image-preview:large, max-video-preview:-1\" \/>\n<link rel=\"canonical\" href=\"https:\/\/www.coachpartners.be\/fr\/flotte\/\" \/>\n<meta property=\"og:locale\" content=\"fr_FR\" \/>\n<meta property=\"og:type\" content=\"article\" \/>\n<meta property=\"og:title\" content=\"Flotte - Coach Partners\" \/>\n<meta property=\"og:description\" content=\"[vc_row full_width=\u00a0\u00bbstretch_row\u00a0\u00bb css=\u00a0\u00bb.vc_custom_1554912391489{margin-top: 35px !important;margin-bottom: 35px !important;}\u00a0\u00bb][vc_column][vc_column_text] UN BUS OU UN AUTOCAR SUR MESURE &nbsp; &lsquo;Un bus...Lees Meer\" \/>\n<meta property=\"og:url\" content=\"https:\/\/www.coachpartners.be\/fr\/flotte\/\" \/>\n<meta property=\"og:site_name\" content=\"Coach Partners\" \/>\n<meta property=\"article:publisher\" content=\"https:\/\/www.facebook.com\/Coach-Partners-223185087693390\/\" \/>\n<meta property=\"article:modified_time\" content=\"2019-07-04T11:37:32+00:00\" \/>\n<meta name=\"twitter:card\" content=\"summary_large_image\" \/>\n<meta name=\"twitter:label1\" content=\"Dur\u00e9e de lecture est.\" \/>\n\t<meta name=\"twitter:data1\" content=\"3 minutes\" \/>\n<script type=\"application\/ld+json\" class=\"yoast-schema-graph\">{\"@context\":\"https:\/\/schema.org\",\"@graph\":[{\"@type\":\"Organization\",\"@id\":\"https:\/\/www.coachpartners.be\/nl\/#organization\",\"name\":\"Coach Partners\",\"url\":\"https:\/\/www.coachpartners.be\/nl\/\",\"sameAs\":[\"https:\/\/www.facebook.com\/Coach-Partners-223185087693390\/\"],\"logo\":{\"@type\":\"ImageObject\",\"@id\":\"https:\/\/www.coachpartners.be\/nl\/#logo\",\"inLanguage\":\"fr-FR\",\"url\":\"https:\/\/www.coachpartners.be\/wp-content\/uploads\/2019\/03\/footer-logo.png\",\"contentUrl\":\"https:\/\/www.coachpartners.be\/wp-content\/uploads\/2019\/03\/footer-logo.png\",\"width\":297,\"height\":75,\"caption\":\"Coach Partners\"},\"image\":{\"@id\":\"https:\/\/www.coachpartners.be\/nl\/#logo\"}},{\"@type\":\"WebSite\",\"@id\":\"https:\/\/www.coachpartners.be\/nl\/#website\",\"url\":\"https:\/\/www.coachpartners.be\/nl\/\",\"name\":\"Coach Partners\",\"description\":\"\",\"publisher\":{\"@id\":\"https:\/\/www.coachpartners.be\/nl\/#organization\"},\"potentialAction\":[{\"@type\":\"SearchAction\",\"target\":\"https:\/\/www.coachpartners.be\/nl\/?s={search_term_string}\",\"query-input\":\"required name=search_term_string\"}],\"inLanguage\":\"fr-FR\"},{\"@type\":\"WebPage\",\"@id\":\"https:\/\/www.coachpartners.be\/fr\/flotte\/#webpage\",\"url\":\"https:\/\/www.coachpartners.be\/fr\/flotte\/\",\"name\":\"Flotte - Coach Partners\",\"isPartOf\":{\"@id\":\"https:\/\/www.coachpartners.be\/nl\/#website\"},\"datePublished\":\"2019-04-10T15:27:39+00:00\",\"dateModified\":\"2019-07-04T11:37:32+00:00\",\"breadcrumb\":{\"@id\":\"https:\/\/www.coachpartners.be\/fr\/flotte\/#breadcrumb\"},\"inLanguage\":\"fr-FR\",\"potentialAction\":[{\"@type\":\"ReadAction\",\"target\":[\"https:\/\/www.coachpartners.be\/fr\/flotte\/\"]}]},{\"@type\":\"BreadcrumbList\",\"@id\":\"https:\/\/www.coachpartners.be\/fr\/flotte\/#breadcrumb\",\"itemListElement\":[{\"@type\":\"ListItem\",\"position\":1,\"item\":{\"@type\":\"WebPage\",\"@id\":\"https:\/\/www.coachpartners.be\/fr\/\",\"url\":\"https:\/\/www.coachpartners.be\/fr\/\",\"name\":\"Home\"}},{\"@type\":\"ListItem\",\"position\":2,\"item\":{\"@id\":\"https:\/\/www.coachpartners.be\/fr\/flotte\/#webpage\"}}]}]}<\/script>\n<!-- \/ Yoast SEO plugin. -->","_links":{"self":[{"href":"https:\/\/www.coachpartners.be\/fr\/wp-json\/wp\/v2\/pages\/526\/"}],"collection":[{"href":"https:\/\/www.coachpartners.be\/fr\/wp-json\/wp\/v2\/pages\/"}],"about":[{"href":"https:\/\/www.coachpartners.be\/fr\/wp-json\/wp\/v2\/types\/page\/"}],"author":[{"embeddable":true,"href":"https:\/\/www.coachpartners.be\/fr\/wp-json\/wp\/v2\/users\/2\/"}],"replies":[{"embeddable":true,"href":"https:\/\/www.coachpartners.be\/fr\/wp-json\/wp\/v2\/comments\/?post=526"}],"version-history":[{"count":6,"href":"https:\/\/www.coachpartners.be\/fr\/wp-json\/wp\/v2\/pages\/526\/revisions\/"}],"predecessor-version":[{"id":1234,"href":"https:\/\/www.coachpartners.be\/fr\/wp-json\/wp\/v2\/pages\/526\/revisions\/1234\/"}],"wp:attachment":[{"href":"https:\/\/www.coachpartners.be\/fr\/wp-json\/wp\/v2\/media\/?parent=526"}],"curies":[{"name":"wp","href":"https:\/\/api.w.org\/{rel}","templated":true}]}}