{"id":528,"date":"2019-04-10T15:32:14","date_gmt":"2019-04-10T15:32:14","guid":{"rendered":"https:\/\/www.coachpartners.be\/?page_id=528"},"modified":"2019-06-18T14:58:18","modified_gmt":"2019-06-18T14:58:18","slug":"autocars-de-luxe","status":"publish","type":"page","link":"https:\/\/www.coachpartners.be\/fr\/flotte\/autocars-de-luxe\/","title":{"rendered":"Autocars de luxe"},"content":{"rendered":"<p>[vc_row full_width=\u00a0\u00bbstretch_row\u00a0\u00bb css=\u00a0\u00bb.vc_custom_1551987725257{margin-top: 35px !important;margin-bottom: 35px !important;}\u00a0\u00bb][vc_column][vc_column_text]<\/p>\n<h2>VOYAGER EN TOUTE S\u00c9CURIT\u00c9 DANS UN AUTOCAR DE LUXE<\/h2>\n<p>&nbsp;<\/p>\n<p><strong>De l&rsquo;autocar de luxe au minibus VIP<\/strong><\/p>\n<p>Profitez d&rsquo;un voyage confortable en bus avec l&rsquo;un de nos\u00a0autocars de luxe. Avec une flotte de plus de 50 autocars, vous pouvez choisir un autocar de luxe ou un autocar de nuit adapt\u00e9 \u00e0 votre groupe. D&rsquo;un \u00e9l\u00e9gant minibus de\u00a016 places \u00e0 l&rsquo;autocar enti\u00e8rement \u00e9quip\u00e9 de\u00a092 personnes. Suivez l&rsquo;exemple des footballeurs du\u00a0KV Courtrai ou des volleyeurs de Knack Roulers\u00a0: eux aussi se font conduire par nos chauffeurs professionnels et nos autocars de luxe.[\/vc_column_text][\/vc_column][\/vc_row][vc_row full_width=\u00a0\u00bbstretch_row\u00a0\u00bb bg_type=\u00a0\u00bbbg_color\u00a0\u00bb css=\u00a0\u00bb.vc_custom_1552065498572{margin-top: 0px !important;margin-bottom: 0px !important;}\u00a0\u00bb bg_color_value=\u00a0\u00bb#f2f2f2&Prime;][vc_column width=\u00a0\u00bb1\/3&Prime;][vc_single_image image=\u00a0\u00bb266&Prime; img_size=\u00a0\u00bbfull\u00a0\u00bb alignment=\u00a0\u00bbcenter\u00a0\u00bb onclick=\u00a0\u00bbcustom_link\u00a0\u00bb link=\u00a0\u00bbhttps:\/\/www.coachpartners.be\/fr\/flotte\/autocars-de-luxe\/minibus\/\u00a0\u00bb][vc_column_text]<\/p>\n<h2>Minibus<\/h2>\n<p>16 places[\/vc_column_text][\/vc_column][vc_column width=\u00a0\u00bb1\/3&Prime;][vc_single_image image=\u00a0\u00bb269&Prime; img_size=\u00a0\u00bbfull\u00a0\u00bb alignment=\u00a0\u00bbcenter\u00a0\u00bb onclick=\u00a0\u00bbcustom_link\u00a0\u00bb link=\u00a0\u00bbhttps:\/\/www.coachpartners.be\/fr\/flotte\/autocars-de-luxe\/midibus-vip-viamundi\/\u00a0\u00bb][vc_column_text]<\/p>\n<h2>Midibus VIP \u00ab\u00a0Viamundi\u00a0\u00bb<\/h2>\n<p>33 places[\/vc_column_text][\/vc_column][vc_column width=\u00a0\u00bb1\/3&Prime;][vc_single_image image=\u00a0\u00bb275&Prime; img_size=\u00a0\u00bbfull\u00a0\u00bb alignment=\u00a0\u00bbcenter\u00a0\u00bb onclick=\u00a0\u00bbcustom_link\u00a0\u00bb link=\u00a0\u00bbhttps:\/\/www.coachpartners.be\/fr\/flotte\/autocars-de-luxe\/autocar-de-luxe-50-pl\/\u00a0\u00bb][vc_column_text]<\/p>\n<h2>Autocar de luxe 50 pl<\/h2>\n<p>50 places[\/vc_column_text][\/vc_column][\/vc_row][vc_row full_width=\u00a0\u00bbstretch_row\u00a0\u00bb bg_type=\u00a0\u00bbbg_color\u00a0\u00bb css=\u00a0\u00bb.vc_custom_1552063245194{margin-top: 0px !important;margin-bottom: 0px !important;}\u00a0\u00bb bg_color_value=\u00a0\u00bb#f2f2f2&Prime;][vc_column width=\u00a0\u00bb1\/3&Prime;][vc_single_image image=\u00a0\u00bb272&Prime; img_size=\u00a0\u00bbfull\u00a0\u00bb alignment=\u00a0\u00bbcenter\u00a0\u00bb onclick=\u00a0\u00bbcustom_link\u00a0\u00bb link=\u00a0\u00bbhttps:\/\/www.coachpartners.be\/fr\/flotte\/autocars-de-luxe\/midibus-vip\/\u00a0\u00bb][vc_column_text]<\/p>\n<h2>VIP Midicar ***<\/h2>\n<p>36 places[\/vc_column_text][\/vc_column][vc_column width=\u00a0\u00bb1\/3&Prime;][vc_single_image image=\u00a0\u00bb278&Prime; img_size=\u00a0\u00bbfull\u00a0\u00bb alignment=\u00a0\u00bbcenter\u00a0\u00bb onclick=\u00a0\u00bbcustom_link\u00a0\u00bb link=\u00a0\u00bbhttps:\/\/www.coachpartners.be\/fr\/flotte\/autocars-de-luxe\/autocar-de-luxe-54-pl\/\u00a0\u00bb][vc_column_text]<\/p>\n<h2>Autocar de luxe 54 pl<\/h2>\n<p>54 places[\/vc_column_text][\/vc_column][vc_column width=\u00a0\u00bb1\/3&Prime;][vc_single_image image=\u00a0\u00bb281&Prime; img_size=\u00a0\u00bbfull\u00a0\u00bb alignment=\u00a0\u00bbcenter\u00a0\u00bb onclick=\u00a0\u00bbcustom_link\u00a0\u00bb link=\u00a0\u00bbhttps:\/\/www.coachpartners.be\/fr\/flotte\/autocars-de-luxe\/bus-de-joueurs-kvk\/\u00a0\u00bb][vc_column_text]<\/p>\n<h2>Bus de joueurs KVK<\/h2>\n<p>43 places[\/vc_column_text][\/vc_column][\/vc_row][vc_row full_width=\u00a0\u00bbstretch_row\u00a0\u00bb bg_type=\u00a0\u00bbbg_color\u00a0\u00bb css=\u00a0\u00bb.vc_custom_1552063245194{margin-top: 0px !important;margin-bottom: 0px !important;}\u00a0\u00bb bg_color_value=\u00a0\u00bb#f2f2f2&Prime;][vc_column width=\u00a0\u00bb1\/3&Prime;][vc_single_image image=\u00a0\u00bb284&Prime; img_size=\u00a0\u00bbfull\u00a0\u00bb alignment=\u00a0\u00bbcenter\u00a0\u00bb onclick=\u00a0\u00bbcustom_link\u00a0\u00bb link=\u00a0\u00bbhttps:\/\/www.coachpartners.be\/fr\/flotte\/autocars-de-luxe\/luxe-3-essieux\/\u00a0\u00bb][vc_column_text]<\/p>\n<h2>Luxe 3 essieux<\/h2>\n<p>62 places[\/vc_column_text][\/vc_column][vc_column width=\u00a0\u00bb1\/3&Prime;][vc_single_image image=\u00a0\u00bb287&Prime; img_size=\u00a0\u00bbfull\u00a0\u00bb alignment=\u00a0\u00bbcenter\u00a0\u00bb onclick=\u00a0\u00bbcustom_link\u00a0\u00bb link=\u00a0\u00bbhttps:\/\/www.coachpartners.be\/fr\/flotte\/autocars-de-luxe\/a-deux-etages\/\u00a0\u00bb][vc_column_text]<\/p>\n<h2>\u00c0 deux \u00e9tages<\/h2>\n<p>82\/85\/92 places[\/vc_column_text][\/vc_column][vc_column width=\u00a0\u00bb1\/3&Prime;][vc_single_image image=\u00a0\u00bb290&Prime; img_size=\u00a0\u00bbfull\u00a0\u00bb alignment=\u00a0\u00bbcenter\u00a0\u00bb onclick=\u00a0\u00bbcustom_link\u00a0\u00bb link=\u00a0\u00bbhttps:\/\/www.coachpartners.be\/fr\/flotte\/autocars-de-luxe\/autocar-a-plateforme-elevatrice\/\u00a0\u00bb][vc_column_text]<\/p>\n<h2>Autocar \u00e0 plateforme \u00e9l\u00e9vatrice<\/h2>\n<p>54 places[\/vc_column_text][\/vc_column][\/vc_row][vc_row][vc_column][vc_empty_space][vc_column_text]<strong>Confort du plus haut niveau<\/strong><\/p>\n<p>Voyagez avec style et confort. Nos autocars de luxe sont \u00e9quip\u00e9s pour votre confort\u00a0: climatisation, fauteuils inclinables, suspension pneumatique, double vitrage, t\u00e9l\u00e9vision num\u00e9rique par satellite, r\u00e9frig\u00e9rateur, radio et lecteur CD, lecteur DVD \u00e0 \u00e9cran plat et toilettes. Les v\u00e9hicules ont suffisamment d&rsquo;espace pour les jambes et les bagages. S&rsquo;il faut plus d&rsquo;espace, nous avons aussi des coffres \u00e0 skis et des remorques.<\/p>\n<p>&nbsp;<\/p>\n<p><strong>La s\u00e9curit\u00e9 avant tout<\/strong><\/p>\n<p>Laissez-vous conduire sans vous soucier dans un autocar. Chaque ann\u00e9e, nous investissons dans le renouvellement de notre flotte pour votre confort et votre s\u00e9curit\u00e9. En tant que compagnie de bus reconnue, nous adh\u00e9rons strictement aux r\u00e8gles europ\u00e9ennes en mati\u00e8re de temps de conduite et de repos des conducteurs.[\/vc_column_text][vc_empty_space][\/vc_column][\/vc_row][vc_row full_width=\u00a0\u00bbstretch_row\u00a0\u00bb css=\u00a0\u00bb.vc_custom_1552067676069{background-color: #1a2f4c !important;}\u00a0\u00bb][vc_column][vc_column_text]<\/p>\n<h2 style=\"text-align: center;\"><span style=\"color: #ffffff;\">En savoir plus sur notre flotte:<\/span><\/h2>\n<p>[\/vc_column_text][\/vc_column][\/vc_row][vc_row full_width=\u00a0\u00bbstretch_row\u00a0\u00bb css=\u00a0\u00bb.vc_custom_1552068147619{background-color: #1a2f4c !important;}\u00a0\u00bb][vc_column width=\u00a0\u00bb1\/3&Prime;][vc_single_image image=\u00a0\u00bb177&Prime; img_size=\u00a0\u00bbfull\u00a0\u00bb alignment=\u00a0\u00bbcenter\u00a0\u00bb style=\u00a0\u00bbvc_box_border\u00a0\u00bb onclick=\u00a0\u00bbcustom_link\u00a0\u00bb link=\u00a0\u00bbhttps:\/\/www.coachpartners.be\/fr\/flotte\/transports-publics\/\u00a0\u00bb css=\u00a0\u00bb.vc_custom_1555860252912{margin-bottom: 20px !important;}\u00a0\u00bb][vc_column_text]<\/p>\n<h3 style=\"text-align: center;\"><span style=\"color: #ffffff;\">Autobus<\/span><\/h3>\n<p style=\"text-align: center;\"><span style=\"color: #ffffff;\">Louer un autobus<\/span><\/p>\n<p>[\/vc_column_text][\/vc_column][vc_column width=\u00a0\u00bb1\/3&Prime;][vc_single_image image=\u00a0\u00bb180&Prime; img_size=\u00a0\u00bbfull\u00a0\u00bb alignment=\u00a0\u00bbcenter\u00a0\u00bb style=\u00a0\u00bbvc_box_border\u00a0\u00bb onclick=\u00a0\u00bbcustom_link\u00a0\u00bb link=\u00a0\u00bbhttps:\/\/www.coachpartners.be\/fr\/flotte\/remorques\/\u00a0\u00bb css=\u00a0\u00bb.vc_custom_1555860223226{margin-bottom: 20px !important;}\u00a0\u00bb][vc_column_text]<\/p>\n<h3 style=\"text-align: center;\"><span style=\"color: #ffffff;\">Remorques<\/span><\/h3>\n<p style=\"text-align: center;\"><span style=\"color: #ffffff;\">Espace pour les v\u00e9los ou les bagages suppl\u00e9mentaires<\/span><\/p>\n<p>[\/vc_column_text][\/vc_column][vc_column width=\u00a0\u00bb1\/3&Prime;][vc_single_image image=\u00a0\u00bb174&Prime; img_size=\u00a0\u00bbfull\u00a0\u00bb alignment=\u00a0\u00bbcenter\u00a0\u00bb style=\u00a0\u00bbvc_box_border\u00a0\u00bb onclick=\u00a0\u00bbcustom_link\u00a0\u00bb link=\u00a0\u00bbhttps:\/\/www.coachpartners.be\/fr\/flotte\/autobus-scolaires\/\u00a0\u00bb css=\u00a0\u00bb.vc_custom_1555860203930{margin-bottom: 20px !important;}\u00a0\u00bb][vc_column_text]<\/p>\n<h3 style=\"text-align: center;\"><span style=\"color: #ffffff;\">Bus scolaires<\/span><\/h3>\n<p style=\"text-align: center;\"><span style=\"color: #ffffff;\">Le bus scolaire\u00a0: s\u00fbr et \u00e9conomique<\/span><\/p>\n<p>[\/vc_column_text][\/vc_column][\/vc_row]<\/p>\n","protected":false},"excerpt":{"rendered":"<p>[vc_row full_width=\u00a0\u00bbstretch_row\u00a0\u00bb css=\u00a0\u00bb.vc_custom_1551987725257{margin-top: 35px !important;margin-bottom: 35px !important;}\u00a0\u00bb][vc_column][vc_column_text] VOYAGER EN TOUTE S\u00c9CURIT\u00c9 DANS UN AUTOCAR DE LUXE &nbsp;&#8230;<\/p>\n<div class=\"read_more\"><a href=\"https:\/\/www.coachpartners.be\/fr\/flotte\/autocars-de-luxe\/\">Lees Meer<\/a><\/div>\n","protected":false},"author":2,"featured_media":0,"parent":526,"menu_order":0,"comment_status":"closed","ping_status":"closed","template":"","meta":{"footnotes":""},"class_list":["post-528","page","type-page","status-publish","hentry"],"acf":[],"yoast_head":"<!-- This site is optimized with the Yoast SEO plugin v16.4 - https:\/\/yoast.com\/wordpress\/plugins\/seo\/ -->\n<meta name=\"robots\" content=\"index, follow, max-snippet:-1, max-image-preview:large, max-video-preview:-1\" \/>\n<link rel=\"canonical\" href=\"https:\/\/www.coachpartners.be\/fr\/flotte\/autocars-de-luxe\/\" \/>\n<meta property=\"og:locale\" content=\"fr_FR\" \/>\n<meta property=\"og:type\" content=\"article\" \/>\n<meta property=\"og:title\" content=\"Autocars de luxe - Coach Partners\" \/>\n<meta property=\"og:description\" content=\"[vc_row full_width=\u00a0\u00bbstretch_row\u00a0\u00bb css=\u00a0\u00bb.vc_custom_1551987725257{margin-top: 35px !important;margin-bottom: 35px !important;}\u00a0\u00bb][vc_column][vc_column_text] VOYAGER EN TOUTE S\u00c9CURIT\u00c9 DANS UN AUTOCAR DE LUXE &nbsp;...Lees Meer\" \/>\n<meta property=\"og:url\" content=\"https:\/\/www.coachpartners.be\/fr\/flotte\/autocars-de-luxe\/\" \/>\n<meta property=\"og:site_name\" content=\"Coach Partners\" \/>\n<meta property=\"article:publisher\" content=\"https:\/\/www.facebook.com\/Coach-Partners-223185087693390\/\" \/>\n<meta property=\"article:modified_time\" content=\"2019-06-18T14:58:18+00:00\" \/>\n<meta name=\"twitter:card\" content=\"summary_large_image\" \/>\n<meta name=\"twitter:label1\" content=\"Dur\u00e9e de lecture est.\" \/>\n\t<meta name=\"twitter:data1\" content=\"4 minutes\" \/>\n<script type=\"application\/ld+json\" class=\"yoast-schema-graph\">{\"@context\":\"https:\/\/schema.org\",\"@graph\":[{\"@type\":\"Organization\",\"@id\":\"https:\/\/www.coachpartners.be\/nl\/#organization\",\"name\":\"Coach Partners\",\"url\":\"https:\/\/www.coachpartners.be\/nl\/\",\"sameAs\":[\"https:\/\/www.facebook.com\/Coach-Partners-223185087693390\/\"],\"logo\":{\"@type\":\"ImageObject\",\"@id\":\"https:\/\/www.coachpartners.be\/nl\/#logo\",\"inLanguage\":\"fr-FR\",\"url\":\"https:\/\/www.coachpartners.be\/wp-content\/uploads\/2019\/03\/footer-logo.png\",\"contentUrl\":\"https:\/\/www.coachpartners.be\/wp-content\/uploads\/2019\/03\/footer-logo.png\",\"width\":297,\"height\":75,\"caption\":\"Coach Partners\"},\"image\":{\"@id\":\"https:\/\/www.coachpartners.be\/nl\/#logo\"}},{\"@type\":\"WebSite\",\"@id\":\"https:\/\/www.coachpartners.be\/nl\/#website\",\"url\":\"https:\/\/www.coachpartners.be\/nl\/\",\"name\":\"Coach Partners\",\"description\":\"\",\"publisher\":{\"@id\":\"https:\/\/www.coachpartners.be\/nl\/#organization\"},\"potentialAction\":[{\"@type\":\"SearchAction\",\"target\":\"https:\/\/www.coachpartners.be\/nl\/?s={search_term_string}\",\"query-input\":\"required name=search_term_string\"}],\"inLanguage\":\"fr-FR\"},{\"@type\":\"WebPage\",\"@id\":\"https:\/\/www.coachpartners.be\/fr\/flotte\/autocars-de-luxe\/#webpage\",\"url\":\"https:\/\/www.coachpartners.be\/fr\/flotte\/autocars-de-luxe\/\",\"name\":\"Autocars de luxe - Coach Partners\",\"isPartOf\":{\"@id\":\"https:\/\/www.coachpartners.be\/nl\/#website\"},\"datePublished\":\"2019-04-10T15:32:14+00:00\",\"dateModified\":\"2019-06-18T14:58:18+00:00\",\"breadcrumb\":{\"@id\":\"https:\/\/www.coachpartners.be\/fr\/flotte\/autocars-de-luxe\/#breadcrumb\"},\"inLanguage\":\"fr-FR\",\"potentialAction\":[{\"@type\":\"ReadAction\",\"target\":[\"https:\/\/www.coachpartners.be\/fr\/flotte\/autocars-de-luxe\/\"]}]},{\"@type\":\"BreadcrumbList\",\"@id\":\"https:\/\/www.coachpartners.be\/fr\/flotte\/autocars-de-luxe\/#breadcrumb\",\"itemListElement\":[{\"@type\":\"ListItem\",\"position\":1,\"item\":{\"@type\":\"WebPage\",\"@id\":\"https:\/\/www.coachpartners.be\/fr\/\",\"url\":\"https:\/\/www.coachpartners.be\/fr\/\",\"name\":\"Home\"}},{\"@type\":\"ListItem\",\"position\":2,\"item\":{\"@type\":\"WebPage\",\"@id\":\"https:\/\/www.coachpartners.be\/fr\/flotte\/\",\"url\":\"https:\/\/www.coachpartners.be\/fr\/flotte\/\",\"name\":\"Flotte\"}},{\"@type\":\"ListItem\",\"position\":3,\"item\":{\"@id\":\"https:\/\/www.coachpartners.be\/fr\/flotte\/autocars-de-luxe\/#webpage\"}}]}]}<\/script>\n<!-- \/ Yoast SEO plugin. -->","_links":{"self":[{"href":"https:\/\/www.coachpartners.be\/fr\/wp-json\/wp\/v2\/pages\/528\/"}],"collection":[{"href":"https:\/\/www.coachpartners.be\/fr\/wp-json\/wp\/v2\/pages\/"}],"about":[{"href":"https:\/\/www.coachpartners.be\/fr\/wp-json\/wp\/v2\/types\/page\/"}],"author":[{"embeddable":true,"href":"https:\/\/www.coachpartners.be\/fr\/wp-json\/wp\/v2\/users\/2\/"}],"replies":[{"embeddable":true,"href":"https:\/\/www.coachpartners.be\/fr\/wp-json\/wp\/v2\/comments\/?post=528"}],"version-history":[{"count":6,"href":"https:\/\/www.coachpartners.be\/fr\/wp-json\/wp\/v2\/pages\/528\/revisions\/"}],"predecessor-version":[{"id":1199,"href":"https:\/\/www.coachpartners.be\/fr\/wp-json\/wp\/v2\/pages\/528\/revisions\/1199\/"}],"up":[{"embeddable":true,"href":"https:\/\/www.coachpartners.be\/fr\/wp-json\/wp\/v2\/pages\/526\/"}],"wp:attachment":[{"href":"https:\/\/www.coachpartners.be\/fr\/wp-json\/wp\/v2\/media\/?parent=528"}],"curies":[{"name":"wp","href":"https:\/\/api.w.org\/{rel}","templated":true}]}}