{"id":532,"date":"2019-04-10T15:41:19","date_gmt":"2019-04-10T15:41:19","guid":{"rendered":"https:\/\/www.coachpartners.be\/?page_id=532"},"modified":"2019-06-18T14:59:58","modified_gmt":"2019-06-18T14:59:58","slug":"transports-publics","status":"publish","type":"page","link":"https:\/\/www.coachpartners.be\/fr\/flotte\/transports-publics\/","title":{"rendered":"Transports publics"},"content":{"rendered":"<p>[vc_row full_width=\u00a0\u00bbstretch_row\u00a0\u00bb css=\u00a0\u00bb.vc_custom_1551987725257{margin-top: 35px !important;margin-bottom: 35px !important;}\u00a0\u00bb][vc_column][vc_column_text]<\/p>\n<h2>TRANSPORTS PUBLICS, POUR VOUS AUSSI<\/h2>\n<p>&nbsp;<\/p>\n<p>Vous ne vous en \u00eates peut-\u00eatre pas rendu compte, mais il est probable que vous ayez d\u00e9j\u00e0 voyag\u00e9 dans un bus de Coach Partners. Avec la ligne jaune bien connue sur le c\u00f4t\u00e9 du bus, environ 60 autobus roulent quotidiennement pour le compte de De Lijn. La soci\u00e9t\u00e9 de transport en commun flamande opte depuis de nombreuses ann\u00e9es pour une coop\u00e9ration avec Coach Partners afin de fournir un service efficace et fluide sur un certain nombre de lignes sp\u00e9cifiques.<\/p>\n<p>&nbsp;<\/p>\n<p><strong>Louer un autobus<\/strong><\/p>\n<p>Il n&rsquo;est pas possible de louer un service de bus r\u00e9gulier car ces v\u00e9hicules roulent exclusivement pour De Lijn. Par contre, nous avons des bus disponibles dans la m\u00eame configuration (38 places assises, 52 places debout). Ces bus sont enti\u00e8rement adapt\u00e9s pour permettre aux passagers de monter et de descendre facilement. L&rsquo;int\u00e9rieur de ces bus est con\u00e7u pour offrir \u00e0 un maximum de passagers le plus grand confort et la plus grande libert\u00e9 de mouvement possible.\u00a0Obtenir plus d&rsquo;informations.[\/vc_column_text][\/vc_column][\/vc_row][vc_row full_width=\u00a0\u00bbstretch_row\u00a0\u00bb css=\u00a0\u00bb.vc_custom_1552067676069{background-color: #1a2f4c !important;}\u00a0\u00bb][vc_column][vc_column_text]<\/p>\n<h2 style=\"text-align: center;\"><span style=\"color: #ffffff;\">En savoir plus sur notre flotte:<\/span><\/h2>\n<p>[\/vc_column_text][\/vc_column][\/vc_row][vc_row full_width=\u00a0\u00bbstretch_row\u00a0\u00bb css=\u00a0\u00bb.vc_custom_1552068147619{background-color: #1a2f4c !important;}\u00a0\u00bb][vc_column width=\u00a0\u00bb1\/3&Prime;][vc_single_image image=\u00a0\u00bb162&Prime; img_size=\u00a0\u00bbfull\u00a0\u00bb alignment=\u00a0\u00bbcenter\u00a0\u00bb style=\u00a0\u00bbvc_box_border\u00a0\u00bb onclick=\u00a0\u00bbcustom_link\u00a0\u00bb link=\u00a0\u00bbhttps:\/\/www.coachpartners.be\/fr\/flotte\/autocars-de-luxe\/\u00a0\u00bb css=\u00a0\u00bb.vc_custom_1555860272711{margin-bottom: 20px !important;}\u00a0\u00bb][vc_column_text]<\/p>\n<h3 style=\"text-align: center;\"><span style=\"color: #ffffff;\">Autocars<\/span><\/h3>\n<p style=\"text-align: center;\"><span style=\"color: #ffffff;\">De l&rsquo;autocar de luxe au minibus VIP<\/span><\/p>\n<p>[\/vc_column_text][\/vc_column][vc_column width=\u00a0\u00bb1\/3&Prime;][vc_single_image image=\u00a0\u00bb180&Prime; img_size=\u00a0\u00bbfull\u00a0\u00bb alignment=\u00a0\u00bbcenter\u00a0\u00bb style=\u00a0\u00bbvc_box_border\u00a0\u00bb onclick=\u00a0\u00bbcustom_link\u00a0\u00bb link=\u00a0\u00bbhttps:\/\/www.coachpartners.be\/fr\/flotte\/remorques\/\u00a0\u00bb css=\u00a0\u00bb.vc_custom_1555860223226{margin-bottom: 20px !important;}\u00a0\u00bb][vc_column_text]<\/p>\n<h3 style=\"text-align: center;\"><span style=\"color: #ffffff;\">Remorques<\/span><\/h3>\n<p style=\"text-align: center;\"><span style=\"color: #ffffff;\">Espace pour les v\u00e9los ou les bagages suppl\u00e9mentaires<\/span><\/p>\n<p>[\/vc_column_text][\/vc_column][vc_column width=\u00a0\u00bb1\/3&Prime;][vc_single_image image=\u00a0\u00bb174&Prime; img_size=\u00a0\u00bbfull\u00a0\u00bb alignment=\u00a0\u00bbcenter\u00a0\u00bb style=\u00a0\u00bbvc_box_border\u00a0\u00bb onclick=\u00a0\u00bbcustom_link\u00a0\u00bb link=\u00a0\u00bbhttps:\/\/www.coachpartners.be\/fr\/flotte\/autobus-scolaires\/\u00a0\u00bb css=\u00a0\u00bb.vc_custom_1555860203930{margin-bottom: 20px !important;}\u00a0\u00bb][vc_column_text]<\/p>\n<h3 style=\"text-align: center;\"><span style=\"color: #ffffff;\">Bus scolaires<\/span><\/h3>\n<p style=\"text-align: center;\"><span style=\"color: #ffffff;\">Le bus scolaire\u00a0: s\u00fbr et \u00e9conomique<\/span><\/p>\n<p>[\/vc_column_text][\/vc_column][\/vc_row]<\/p>\n","protected":false},"excerpt":{"rendered":"<p>[vc_row full_width=\u00a0\u00bbstretch_row\u00a0\u00bb css=\u00a0\u00bb.vc_custom_1551987725257{margin-top: 35px !important;margin-bottom: 35px !important;}\u00a0\u00bb][vc_column][vc_column_text] TRANSPORTS PUBLICS, POUR VOUS AUSSI &nbsp; Vous ne vous en&#8230;<\/p>\n<div class=\"read_more\"><a href=\"https:\/\/www.coachpartners.be\/fr\/flotte\/transports-publics\/\">Lees Meer<\/a><\/div>\n","protected":false},"author":2,"featured_media":0,"parent":526,"menu_order":0,"comment_status":"closed","ping_status":"closed","template":"","meta":{"footnotes":""},"class_list":["post-532","page","type-page","status-publish","hentry"],"acf":[],"yoast_head":"<!-- This site is optimized with the Yoast SEO plugin v16.4 - https:\/\/yoast.com\/wordpress\/plugins\/seo\/ -->\n<meta name=\"robots\" content=\"index, follow, max-snippet:-1, max-image-preview:large, max-video-preview:-1\" \/>\n<link rel=\"canonical\" href=\"https:\/\/www.coachpartners.be\/fr\/flotte\/transports-publics\/\" \/>\n<meta property=\"og:locale\" content=\"fr_FR\" \/>\n<meta property=\"og:type\" content=\"article\" \/>\n<meta property=\"og:title\" content=\"Transports publics - Coach Partners\" \/>\n<meta property=\"og:description\" content=\"[vc_row full_width=\u00a0\u00bbstretch_row\u00a0\u00bb css=\u00a0\u00bb.vc_custom_1551987725257{margin-top: 35px !important;margin-bottom: 35px !important;}\u00a0\u00bb][vc_column][vc_column_text] TRANSPORTS PUBLICS, POUR VOUS AUSSI &nbsp; Vous ne vous en...Lees Meer\" \/>\n<meta property=\"og:url\" content=\"https:\/\/www.coachpartners.be\/fr\/flotte\/transports-publics\/\" \/>\n<meta property=\"og:site_name\" content=\"Coach Partners\" \/>\n<meta property=\"article:publisher\" content=\"https:\/\/www.facebook.com\/Coach-Partners-223185087693390\/\" \/>\n<meta property=\"article:modified_time\" content=\"2019-06-18T14:59:58+00:00\" \/>\n<meta name=\"twitter:card\" content=\"summary_large_image\" \/>\n<meta name=\"twitter:label1\" content=\"Dur\u00e9e de lecture est.\" \/>\n\t<meta name=\"twitter:data1\" content=\"2 minutes\" \/>\n<script type=\"application\/ld+json\" class=\"yoast-schema-graph\">{\"@context\":\"https:\/\/schema.org\",\"@graph\":[{\"@type\":\"Organization\",\"@id\":\"https:\/\/www.coachpartners.be\/nl\/#organization\",\"name\":\"Coach Partners\",\"url\":\"https:\/\/www.coachpartners.be\/nl\/\",\"sameAs\":[\"https:\/\/www.facebook.com\/Coach-Partners-223185087693390\/\"],\"logo\":{\"@type\":\"ImageObject\",\"@id\":\"https:\/\/www.coachpartners.be\/nl\/#logo\",\"inLanguage\":\"fr-FR\",\"url\":\"https:\/\/www.coachpartners.be\/wp-content\/uploads\/2019\/03\/footer-logo.png\",\"contentUrl\":\"https:\/\/www.coachpartners.be\/wp-content\/uploads\/2019\/03\/footer-logo.png\",\"width\":297,\"height\":75,\"caption\":\"Coach Partners\"},\"image\":{\"@id\":\"https:\/\/www.coachpartners.be\/nl\/#logo\"}},{\"@type\":\"WebSite\",\"@id\":\"https:\/\/www.coachpartners.be\/nl\/#website\",\"url\":\"https:\/\/www.coachpartners.be\/nl\/\",\"name\":\"Coach Partners\",\"description\":\"\",\"publisher\":{\"@id\":\"https:\/\/www.coachpartners.be\/nl\/#organization\"},\"potentialAction\":[{\"@type\":\"SearchAction\",\"target\":\"https:\/\/www.coachpartners.be\/nl\/?s={search_term_string}\",\"query-input\":\"required name=search_term_string\"}],\"inLanguage\":\"fr-FR\"},{\"@type\":\"WebPage\",\"@id\":\"https:\/\/www.coachpartners.be\/fr\/flotte\/transports-publics\/#webpage\",\"url\":\"https:\/\/www.coachpartners.be\/fr\/flotte\/transports-publics\/\",\"name\":\"Transports publics - Coach Partners\",\"isPartOf\":{\"@id\":\"https:\/\/www.coachpartners.be\/nl\/#website\"},\"datePublished\":\"2019-04-10T15:41:19+00:00\",\"dateModified\":\"2019-06-18T14:59:58+00:00\",\"breadcrumb\":{\"@id\":\"https:\/\/www.coachpartners.be\/fr\/flotte\/transports-publics\/#breadcrumb\"},\"inLanguage\":\"fr-FR\",\"potentialAction\":[{\"@type\":\"ReadAction\",\"target\":[\"https:\/\/www.coachpartners.be\/fr\/flotte\/transports-publics\/\"]}]},{\"@type\":\"BreadcrumbList\",\"@id\":\"https:\/\/www.coachpartners.be\/fr\/flotte\/transports-publics\/#breadcrumb\",\"itemListElement\":[{\"@type\":\"ListItem\",\"position\":1,\"item\":{\"@type\":\"WebPage\",\"@id\":\"https:\/\/www.coachpartners.be\/fr\/\",\"url\":\"https:\/\/www.coachpartners.be\/fr\/\",\"name\":\"Home\"}},{\"@type\":\"ListItem\",\"position\":2,\"item\":{\"@type\":\"WebPage\",\"@id\":\"https:\/\/www.coachpartners.be\/fr\/flotte\/\",\"url\":\"https:\/\/www.coachpartners.be\/fr\/flotte\/\",\"name\":\"Flotte\"}},{\"@type\":\"ListItem\",\"position\":3,\"item\":{\"@id\":\"https:\/\/www.coachpartners.be\/fr\/flotte\/transports-publics\/#webpage\"}}]}]}<\/script>\n<!-- \/ Yoast SEO plugin. -->","_links":{"self":[{"href":"https:\/\/www.coachpartners.be\/fr\/wp-json\/wp\/v2\/pages\/532\/"}],"collection":[{"href":"https:\/\/www.coachpartners.be\/fr\/wp-json\/wp\/v2\/pages\/"}],"about":[{"href":"https:\/\/www.coachpartners.be\/fr\/wp-json\/wp\/v2\/types\/page\/"}],"author":[{"embeddable":true,"href":"https:\/\/www.coachpartners.be\/fr\/wp-json\/wp\/v2\/users\/2\/"}],"replies":[{"embeddable":true,"href":"https:\/\/www.coachpartners.be\/fr\/wp-json\/wp\/v2\/comments\/?post=532"}],"version-history":[{"count":3,"href":"https:\/\/www.coachpartners.be\/fr\/wp-json\/wp\/v2\/pages\/532\/revisions\/"}],"predecessor-version":[{"id":1202,"href":"https:\/\/www.coachpartners.be\/fr\/wp-json\/wp\/v2\/pages\/532\/revisions\/1202\/"}],"up":[{"embeddable":true,"href":"https:\/\/www.coachpartners.be\/fr\/wp-json\/wp\/v2\/pages\/526\/"}],"wp:attachment":[{"href":"https:\/\/www.coachpartners.be\/fr\/wp-json\/wp\/v2\/media\/?parent=532"}],"curies":[{"name":"wp","href":"https:\/\/api.w.org\/{rel}","templated":true}]}}