{"id":534,"date":"2019-04-10T15:44:42","date_gmt":"2019-04-10T15:44:42","guid":{"rendered":"https:\/\/www.coachpartners.be\/?page_id=534"},"modified":"2019-06-18T15:00:28","modified_gmt":"2019-06-18T15:00:28","slug":"remorques","status":"publish","type":"page","link":"https:\/\/www.coachpartners.be\/fr\/flotte\/remorques\/","title":{"rendered":"Remorques"},"content":{"rendered":"<p>[vc_row full_width=\u00a0\u00bbstretch_row\u00a0\u00bb css=\u00a0\u00bb.vc_custom_1551987725257{margin-top: 35px !important;margin-bottom: 35px !important;}\u00a0\u00bb][vc_column][vc_column_text]<\/p>\n<h2>REMORQUES POUR PLUS DE PLACE ET DE CONFORT<\/h2>\n<p>&nbsp;<\/p>\n<p><strong>Espace pour les v\u00e9los ou les bagages suppl\u00e9mentaires<\/strong><\/p>\n<p>Vous souhaitez emmener des v\u00e9los ou des bagages suppl\u00e9mentaires pour votre trajet en bus\u00a0? Aucun probl\u00e8me. Coach Partners dispose de remorques multifonctions. Vous aurez donc toujours suffisamment d\u2019espace pour tout stocker. Les remorques faciles \u00e0 mettre en place sont con\u00e7ues pour transporter toutes sortes de suppl\u00e9ments. Qu&rsquo;il s&rsquo;agisse de fauteuils roulants, de valises, d&rsquo;instruments de musique ou de mat\u00e9riel de jeu\u00a0: il y a assez de place\u00a0![\/vc_column_text][\/vc_column][\/vc_row][vc_row full_width=\u00a0\u00bbstretch_row\u00a0\u00bb bg_type=\u00a0\u00bbbg_color\u00a0\u00bb css=\u00a0\u00bb.vc_custom_1552065706298{margin-top: 0px !important;margin-bottom: 0px !important;}\u00a0\u00bb bg_color_value=\u00a0\u00bb#f2f2f2&Prime;][vc_column width=\u00a0\u00bb1\/2&Prime;][vc_single_image image=\u00a0\u00bb304&Prime; img_size=\u00a0\u00bbfull\u00a0\u00bb onclick=\u00a0\u00bbcustom_link\u00a0\u00bb link=\u00a0\u00bbhttps:\/\/www.coachpartners.be\/fr\/flotte\/remorques\/remorque-multifonctions-26-places\/\u00a0\u00bb][vc_column_text]<\/p>\n<h2><span lang=\"fr-FR\">Remorque multifonctions<\/span><\/h2>\n<p>26 places[\/vc_column_text][\/vc_column][vc_column width=\u00a0\u00bb1\/2&Prime;][vc_single_image image=\u00a0\u00bb307&Prime; img_size=\u00a0\u00bbfull\u00a0\u00bb onclick=\u00a0\u00bbcustom_link\u00a0\u00bb link=\u00a0\u00bbhttps:\/\/www.coachpartners.be\/fr\/flotte\/remorques\/remorque-multifonctions-44-places\/\u00a0\u00bb][vc_column_text]<\/p>\n<h2><span lang=\"fr-FR\">Remorque multifonctions<\/span><\/h2>\n<p>44 places[\/vc_column_text][\/vc_column][\/vc_row][vc_row full_width=\u00a0\u00bbstretch_row\u00a0\u00bb css=\u00a0\u00bb.vc_custom_1551987725257{margin-top: 35px !important;margin-bottom: 35px !important;}\u00a0\u00bb][vc_column][vc_column_text]<strong>S\u00fbr et s\u00e9curis\u00e9<\/strong><\/p>\n<p>Dormez sur vos deux oreilles pendant votre voyage en bus ou vos vacances \u00e0 v\u00e9lo. Votre mat\u00e9riel est entre de bonnes mains. Non seulement les valises, les v\u00e9los ou d\u2019autres \u00e9quipements sont solidement attach\u00e9s pendant le trajet, mais les deux remorques sont \u00e9galement parfaitement verrouillables. Vos objets de valeur sont toujours verrouill\u00e9s en s\u00e9curit\u00e9 pour que vous puissiez profiter de votre destination finale sans soucis.<\/p>\n<p>&nbsp;<\/p>\n<p><strong>Une remorque adapt\u00e9e au voyage<\/strong><\/p>\n<p>Vous partez en voyage en car avec un grand groupe ou un petit groupe\u00a0? Vous prenez beaucoup de bagages suppl\u00e9mentaires ou vous vous limitez \u00e0 l&rsquo;essentiel\u00a0? Nos deux remorques peuvent \u00eatre parfaitement combin\u00e9es avec n&rsquo;importe quelle taille d&rsquo;autocar. Parfaitement adapt\u00e9 \u00e0 votre groupe, \u00e9cole, entreprise ou association. Dans la plus grande remorque, il y a de la place pour 44 v\u00e9los. Dans la petite remorque, on peut facilement transporter 26 v\u00e9los. Ou d&rsquo;autres bagages, bien s\u00fbr.<\/p>\n<p>&nbsp;<\/p>\n<p><strong>Remorques \u00e0 votre service!<\/strong>[\/vc_column_text][\/vc_column][\/vc_row][vc_row full_width=\u00a0\u00bbstretch_row\u00a0\u00bb css=\u00a0\u00bb.vc_custom_1552067676069{background-color: #1a2f4c !important;}\u00a0\u00bb][vc_column][vc_column_text]<\/p>\n<h2 style=\"text-align: center;\"><span style=\"color: #ffffff;\">En savoir plus sur notre flotte:<\/span><\/h2>\n<p>[\/vc_column_text][\/vc_column][\/vc_row][vc_row full_width=\u00a0\u00bbstretch_row\u00a0\u00bb css=\u00a0\u00bb.vc_custom_1552068147619{background-color: #1a2f4c !important;}\u00a0\u00bb][vc_column width=\u00a0\u00bb1\/3&Prime;][vc_single_image image=\u00a0\u00bb162&Prime; img_size=\u00a0\u00bbfull\u00a0\u00bb alignment=\u00a0\u00bbcenter\u00a0\u00bb style=\u00a0\u00bbvc_box_border\u00a0\u00bb onclick=\u00a0\u00bbcustom_link\u00a0\u00bb link=\u00a0\u00bbhttps:\/\/www.coachpartners.be\/fr\/flotte\/autocars-de-luxe\/\u00a0\u00bb css=\u00a0\u00bb.vc_custom_1555860272711{margin-bottom: 20px !important;}\u00a0\u00bb][vc_column_text]<\/p>\n<h3 style=\"text-align: center;\"><span style=\"color: #ffffff;\">Autocars<\/span><\/h3>\n<p style=\"text-align: center;\"><span style=\"color: #ffffff;\">De l&rsquo;autocar de luxe au minibus VIP<\/span><\/p>\n<p>[\/vc_column_text][\/vc_column][vc_column width=\u00a0\u00bb1\/3&Prime;][vc_single_image image=\u00a0\u00bb177&Prime; img_size=\u00a0\u00bbfull\u00a0\u00bb alignment=\u00a0\u00bbcenter\u00a0\u00bb style=\u00a0\u00bbvc_box_border\u00a0\u00bb onclick=\u00a0\u00bbcustom_link\u00a0\u00bb link=\u00a0\u00bbhttps:\/\/www.coachpartners.be\/fr\/flotte\/transports-publics\/\u00a0\u00bb css=\u00a0\u00bb.vc_custom_1555860252912{margin-bottom: 20px !important;}\u00a0\u00bb][vc_column_text]<\/p>\n<h3 style=\"text-align: center;\"><span style=\"color: #ffffff;\">Autobus<\/span><\/h3>\n<p style=\"text-align: center;\"><span style=\"color: #ffffff;\">Louer un autobus<\/span><\/p>\n<p>[\/vc_column_text][\/vc_column][vc_column width=\u00a0\u00bb1\/3&Prime;][vc_single_image image=\u00a0\u00bb174&Prime; img_size=\u00a0\u00bbfull\u00a0\u00bb alignment=\u00a0\u00bbcenter\u00a0\u00bb style=\u00a0\u00bbvc_box_border\u00a0\u00bb onclick=\u00a0\u00bbcustom_link\u00a0\u00bb link=\u00a0\u00bbhttps:\/\/www.coachpartners.be\/fr\/flotte\/autobus-scolaires\/\u00a0\u00bb css=\u00a0\u00bb.vc_custom_1555860203930{margin-bottom: 20px !important;}\u00a0\u00bb][vc_column_text]<\/p>\n<h3 style=\"text-align: center;\"><span style=\"color: #ffffff;\">Bus scolaires<\/span><\/h3>\n<p style=\"text-align: center;\"><span style=\"color: #ffffff;\">Le bus scolaire\u00a0: s\u00fbr et \u00e9conomique<\/span><\/p>\n<p>[\/vc_column_text][\/vc_column][\/vc_row]<\/p>\n","protected":false},"excerpt":{"rendered":"<p>[vc_row full_width=\u00a0\u00bbstretch_row\u00a0\u00bb css=\u00a0\u00bb.vc_custom_1551987725257{margin-top: 35px !important;margin-bottom: 35px !important;}\u00a0\u00bb][vc_column][vc_column_text] REMORQUES POUR PLUS DE PLACE ET DE CONFORT &nbsp; Espace&#8230;<\/p>\n<div class=\"read_more\"><a href=\"https:\/\/www.coachpartners.be\/fr\/flotte\/remorques\/\">Lees Meer<\/a><\/div>\n","protected":false},"author":2,"featured_media":0,"parent":526,"menu_order":0,"comment_status":"closed","ping_status":"closed","template":"","meta":{"footnotes":""},"class_list":["post-534","page","type-page","status-publish","hentry"],"acf":[],"yoast_head":"<!-- This site is optimized with the Yoast SEO plugin v16.4 - https:\/\/yoast.com\/wordpress\/plugins\/seo\/ -->\n<meta name=\"robots\" content=\"index, follow, max-snippet:-1, max-image-preview:large, max-video-preview:-1\" \/>\n<link rel=\"canonical\" href=\"https:\/\/www.coachpartners.be\/fr\/flotte\/remorques\/\" \/>\n<meta property=\"og:locale\" content=\"fr_FR\" \/>\n<meta property=\"og:type\" content=\"article\" \/>\n<meta property=\"og:title\" content=\"Remorques - Coach Partners\" \/>\n<meta property=\"og:description\" content=\"[vc_row full_width=\u00a0\u00bbstretch_row\u00a0\u00bb css=\u00a0\u00bb.vc_custom_1551987725257{margin-top: 35px !important;margin-bottom: 35px !important;}\u00a0\u00bb][vc_column][vc_column_text] REMORQUES POUR PLUS DE PLACE ET DE CONFORT &nbsp; Espace...Lees Meer\" \/>\n<meta property=\"og:url\" content=\"https:\/\/www.coachpartners.be\/fr\/flotte\/remorques\/\" \/>\n<meta property=\"og:site_name\" content=\"Coach Partners\" \/>\n<meta property=\"article:publisher\" content=\"https:\/\/www.facebook.com\/Coach-Partners-223185087693390\/\" \/>\n<meta property=\"article:modified_time\" content=\"2019-06-18T15:00:28+00:00\" \/>\n<meta name=\"twitter:card\" content=\"summary_large_image\" \/>\n<meta name=\"twitter:label1\" content=\"Dur\u00e9e de lecture est.\" \/>\n\t<meta name=\"twitter:data1\" content=\"3 minutes\" \/>\n<script type=\"application\/ld+json\" class=\"yoast-schema-graph\">{\"@context\":\"https:\/\/schema.org\",\"@graph\":[{\"@type\":\"Organization\",\"@id\":\"https:\/\/www.coachpartners.be\/nl\/#organization\",\"name\":\"Coach Partners\",\"url\":\"https:\/\/www.coachpartners.be\/nl\/\",\"sameAs\":[\"https:\/\/www.facebook.com\/Coach-Partners-223185087693390\/\"],\"logo\":{\"@type\":\"ImageObject\",\"@id\":\"https:\/\/www.coachpartners.be\/nl\/#logo\",\"inLanguage\":\"fr-FR\",\"url\":\"https:\/\/www.coachpartners.be\/wp-content\/uploads\/2019\/03\/footer-logo.png\",\"contentUrl\":\"https:\/\/www.coachpartners.be\/wp-content\/uploads\/2019\/03\/footer-logo.png\",\"width\":297,\"height\":75,\"caption\":\"Coach Partners\"},\"image\":{\"@id\":\"https:\/\/www.coachpartners.be\/nl\/#logo\"}},{\"@type\":\"WebSite\",\"@id\":\"https:\/\/www.coachpartners.be\/nl\/#website\",\"url\":\"https:\/\/www.coachpartners.be\/nl\/\",\"name\":\"Coach Partners\",\"description\":\"\",\"publisher\":{\"@id\":\"https:\/\/www.coachpartners.be\/nl\/#organization\"},\"potentialAction\":[{\"@type\":\"SearchAction\",\"target\":\"https:\/\/www.coachpartners.be\/nl\/?s={search_term_string}\",\"query-input\":\"required name=search_term_string\"}],\"inLanguage\":\"fr-FR\"},{\"@type\":\"WebPage\",\"@id\":\"https:\/\/www.coachpartners.be\/fr\/flotte\/remorques\/#webpage\",\"url\":\"https:\/\/www.coachpartners.be\/fr\/flotte\/remorques\/\",\"name\":\"Remorques - Coach Partners\",\"isPartOf\":{\"@id\":\"https:\/\/www.coachpartners.be\/nl\/#website\"},\"datePublished\":\"2019-04-10T15:44:42+00:00\",\"dateModified\":\"2019-06-18T15:00:28+00:00\",\"breadcrumb\":{\"@id\":\"https:\/\/www.coachpartners.be\/fr\/flotte\/remorques\/#breadcrumb\"},\"inLanguage\":\"fr-FR\",\"potentialAction\":[{\"@type\":\"ReadAction\",\"target\":[\"https:\/\/www.coachpartners.be\/fr\/flotte\/remorques\/\"]}]},{\"@type\":\"BreadcrumbList\",\"@id\":\"https:\/\/www.coachpartners.be\/fr\/flotte\/remorques\/#breadcrumb\",\"itemListElement\":[{\"@type\":\"ListItem\",\"position\":1,\"item\":{\"@type\":\"WebPage\",\"@id\":\"https:\/\/www.coachpartners.be\/fr\/\",\"url\":\"https:\/\/www.coachpartners.be\/fr\/\",\"name\":\"Home\"}},{\"@type\":\"ListItem\",\"position\":2,\"item\":{\"@type\":\"WebPage\",\"@id\":\"https:\/\/www.coachpartners.be\/fr\/flotte\/\",\"url\":\"https:\/\/www.coachpartners.be\/fr\/flotte\/\",\"name\":\"Flotte\"}},{\"@type\":\"ListItem\",\"position\":3,\"item\":{\"@id\":\"https:\/\/www.coachpartners.be\/fr\/flotte\/remorques\/#webpage\"}}]}]}<\/script>\n<!-- \/ Yoast SEO plugin. -->","_links":{"self":[{"href":"https:\/\/www.coachpartners.be\/fr\/wp-json\/wp\/v2\/pages\/534\/"}],"collection":[{"href":"https:\/\/www.coachpartners.be\/fr\/wp-json\/wp\/v2\/pages\/"}],"about":[{"href":"https:\/\/www.coachpartners.be\/fr\/wp-json\/wp\/v2\/types\/page\/"}],"author":[{"embeddable":true,"href":"https:\/\/www.coachpartners.be\/fr\/wp-json\/wp\/v2\/users\/2\/"}],"replies":[{"embeddable":true,"href":"https:\/\/www.coachpartners.be\/fr\/wp-json\/wp\/v2\/comments\/?post=534"}],"version-history":[{"count":5,"href":"https:\/\/www.coachpartners.be\/fr\/wp-json\/wp\/v2\/pages\/534\/revisions\/"}],"predecessor-version":[{"id":1203,"href":"https:\/\/www.coachpartners.be\/fr\/wp-json\/wp\/v2\/pages\/534\/revisions\/1203\/"}],"up":[{"embeddable":true,"href":"https:\/\/www.coachpartners.be\/fr\/wp-json\/wp\/v2\/pages\/526\/"}],"wp:attachment":[{"href":"https:\/\/www.coachpartners.be\/fr\/wp-json\/wp\/v2\/media\/?parent=534"}],"curies":[{"name":"wp","href":"https:\/\/api.w.org\/{rel}","templated":true}]}}