{"id":536,"date":"2019-04-10T15:49:03","date_gmt":"2019-04-10T15:49:03","guid":{"rendered":"https:\/\/www.coachpartners.be\/?page_id=536"},"modified":"2019-09-17T11:59:56","modified_gmt":"2019-09-17T11:59:56","slug":"postes-vacants","status":"publish","type":"page","link":"https:\/\/www.coachpartners.be\/fr\/postes-vacants\/","title":{"rendered":"Postes vacants"},"content":{"rendered":"<p>[vc_row full_width=\u00a0\u00bbstretch_row\u00a0\u00bb css=\u00a0\u00bb.vc_custom_1551987725257{margin-top: 35px !important;margin-bottom: 35px !important;}\u00a0\u00bb][vc_column width=\u00a0\u00bb2\/3&Prime;][vc_column_text]<\/p>\n<h2>NOUS RECHERCHONS\u00a0: CHAUFFEURS D&rsquo;AUTOCAR ET DE BUS<\/h2>\n<p><strong>NOUS RECHERCHONS\u00a0: CHAUFFEURS D&rsquo;AUTOCAR ET DE BUS<\/strong><\/p>\n<p>Coach Partners est une entreprise en pleine croissance. Avec 400 autobus sur le r\u00e9seau routier et 600 employ\u00e9s, nous transportons des milliers de voyageurs et de passagers tous les jours, en s\u00e9curit\u00e9 et avec le sourire. Nous le faisons avec plaisir, mais cela signifie \u00e9galement que nous sommes toujours \u00e0 la recherche d&#8217;employ\u00e9s suppl\u00e9mentaires et de chauffeurs d&rsquo;autocar et de bus enthousiastes. Peut-\u00eatre en ferez-vous partie\u00a0?<\/p>\n<p>Coach Partners recherche actuellement des chauffeurs pour desservir ses lignes internationales. \u00c0 partir de fin juin 2018, Coach Partners entra en partenariat avec FLIXBUS. Si cela vous int\u00e9resse ou si vous souhaitez obtenir plus d&rsquo;informations, contactez-nous.[\/vc_column_text][\/vc_column][vc_column width=\u00a0\u00bb1\/3&Prime;][vc_empty_space][vc_single_image image=\u00a0\u00bb422&Prime; img_size=\u00a0\u00bbfull\u00a0\u00bb alignment=\u00a0\u00bbcenter\u00a0\u00bb][\/vc_column][\/vc_row][vc_row full_width=\u00a0\u00bbstretch_row\u00a0\u00bb bg_type=\u00a0\u00bbbg_color\u00a0\u00bb css=\u00a0\u00bb.vc_custom_1553785543070{margin-top: 0px !important;margin-bottom: 0px !important;}\u00a0\u00bb bg_color_value=\u00a0\u00bb#e8e8e8&Prime;][vc_column width=\u00a0\u00bb1\/2&Prime;][vc_column_text]<\/p>\n<h2><strong>Postulez maintenant!<\/strong><\/h2>\n<div role=\"form\" class=\"wpcf7\" id=\"wpcf7-f661-o1\" lang=\"nl-NL\" dir=\"ltr\">\n<div class=\"screen-reader-response\"><p role=\"status\" aria-live=\"polite\" aria-atomic=\"true\"><\/p> <ul><\/ul><\/div>\n<form action=\"\/fr\/wp-json\/wp\/v2\/pages\/536\/#wpcf7-f661-o1\" method=\"post\" class=\"wpcf7-form init\" enctype=\"multipart\/form-data\" novalidate=\"novalidate\" data-status=\"init\">\n<div style=\"display: none;\">\n<input type=\"hidden\" name=\"_wpcf7\" value=\"661\" \/>\n<input type=\"hidden\" name=\"_wpcf7_version\" value=\"5.4.1\" \/>\n<input type=\"hidden\" name=\"_wpcf7_locale\" value=\"nl_NL\" \/>\n<input type=\"hidden\" name=\"_wpcf7_unit_tag\" value=\"wpcf7-f661-o1\" \/>\n<input type=\"hidden\" name=\"_wpcf7_container_post\" value=\"0\" \/>\n<input type=\"hidden\" name=\"_wpcf7_posted_data_hash\" value=\"\" \/>\n<\/div>\n<p><label> Nom(*)<br \/>\n    <span class=\"wpcf7-form-control-wrap your-name\"><input type=\"text\" name=\"your-name\" value=\"\" size=\"40\" class=\"wpcf7-form-control wpcf7-text wpcf7-validates-as-required\" aria-required=\"true\" aria-invalid=\"false\" \/><\/span> <\/label><\/p>\n<p><label> Domicile(*)<br \/>\n    <span class=\"wpcf7-form-control-wrap woonplaats\"><input type=\"text\" name=\"woonplaats\" value=\"\" size=\"40\" class=\"wpcf7-form-control wpcf7-text wpcf7-validates-as-required\" aria-required=\"true\" aria-invalid=\"false\" \/><\/span> <\/label><\/p>\n<p><span id=\"wpcf7-69f3334df1ce9-wrapper\" class=\"wpcf7-form-control-wrap extradomicile-wrap\" style=\"display:none !important; visibility:hidden !important;\"><label for=\"wpcf7-69f3334df1ce9-field\" class=\"hp-message\">Veuillez laisser ce champ vide.<\/label><input id=\"wpcf7-69f3334df1ce9-field\"  class=\"wpcf7-form-control wpcf7-text\" type=\"text\" name=\"extradomicile\" value=\"\" size=\"40\" tabindex=\"-1\" autocomplete=\"new-password\" \/><\/span><\/p>\n<p><label> T\u00e9l\u00e9phone(*)<br \/>\n    <span class=\"wpcf7-form-control-wrap telefoon\"><input type=\"tel\" name=\"telefoon\" value=\"\" size=\"40\" class=\"wpcf7-form-control wpcf7-text wpcf7-tel wpcf7-validates-as-required wpcf7-validates-as-tel\" aria-required=\"true\" aria-invalid=\"false\" \/><\/span> <\/label><\/p>\n<p><label> adresse email(*)<br \/>\n    <span class=\"wpcf7-form-control-wrap email\"><input type=\"email\" name=\"email\" value=\"\" size=\"40\" class=\"wpcf7-form-control wpcf7-text wpcf7-email wpcf7-validates-as-required wpcf7-validates-as-email\" aria-required=\"true\" aria-invalid=\"false\" \/><\/span> <\/label><\/p>\n<p><label> Motivation<br \/>\n    <span class=\"wpcf7-form-control-wrap your-message\"><textarea name=\"your-message\" cols=\"40\" rows=\"10\" class=\"wpcf7-form-control wpcf7-textarea wpcf7-validates-as-required\" aria-required=\"true\" aria-invalid=\"false\"><\/textarea><\/span> <\/label><\/p>\n<p><label> Ajoutez votre CV en pi\u00e8ce jointe<br \/>\n    <span class=\"wpcf7-form-control-wrap VoegjeCVtoealsbijlage\"><input type=\"file\" name=\"VoegjeCVtoealsbijlage\" size=\"40\" class=\"wpcf7-form-control wpcf7-file wpcf7-validates-as-required\" accept=\".jpg,.jpeg,.png,.gif,.pdf,.doc,.docx,.ppt,.pptx,.odt,.avi,.ogg,.m4a,.mov,.mp3,.mp4,.mpg,.wav,.wmv\" aria-required=\"true\" aria-invalid=\"false\" \/><\/span> <\/label><\/p>\n<p><input type=\"submit\" value=\"Ce poste m&#039;int\u00e9resse!\" class=\"wpcf7-form-control wpcf7-submit\" \/><\/p>\n<div class=\"wpcf7-response-output\" aria-hidden=\"true\"><\/div><\/form><\/div>[\/vc_column_text][\/vc_column][vc_column width=\u00a0\u00bb1\/2&Prime;][vc_column_text]<\/p>\n<h2><strong>5 avantages d&rsquo;\u00eatre chauffeur<\/strong><\/h2>\n<p>&nbsp;<\/p>\n<p><strong>1. Autonomie<\/strong><\/p>\n<p>Explorez le monde et votre environnement, tout en \u00e9tant pay\u00e9\u00a0! En tant que chauffeur d\u2019autocar, vous d\u00e9couvrirez des endroits in\u00e9dits et des destinations surprenantes. Vous d\u00e9couvrez avec vos voyageurs. Vous voyez et d\u00e9couvrez des choses nouvelles, apprenez \u00e0 conna\u00eetre des lieux et des villages et \u00e9largissez vos horizons.<\/p>\n<p><strong>2. Une aventure confortable<\/strong><\/p>\n<p>Conduire et voyager repr\u00e9sente toujours une aventure. Avec Coach Partners, la route est confortable. Nos autocars sont modernes et parfaits sur le plan technique. En tant que conducteur, vous \u00eates toujours au premier rang et vous amenez vos passagers \u00e0 leur destination dans le plus grand luxe et dans le respect des temps de conduite et de repos.<\/p>\n<p><strong>3. Assumez des responsabilit\u00e9s<\/strong><\/p>\n<p>En tant que conducteur, vous \u00eates responsable de vos passagers. Vous \u00eates la r\u00e9ponse \u00e0 leurs questions. Chaque jour et chaque trajet sont diff\u00e9rents. En tant que responsable, vous vous mettez en avant en aidant et en guidant les passagers.<\/p>\n<p><strong>4. Plus de temps libre<\/strong><\/p>\n<p>Profitez de jours de cong\u00e9 dans des moments inattendus. En tant que chauffeur de bus, vous travaillez r\u00e9guli\u00e8rement le soir, le week-end ou les jours f\u00e9ri\u00e9s. Vous pouvez profiter de ces heures de travail par la suite. Vous avez donc plus de temps dans la semaine pour vos enfants, votre famille, vos loisirs ou vos \u00e9tudes. Du temps libre en abondance.<\/p>\n<p><strong>5. Suppl\u00e9ments financiers<\/strong><\/p>\n<p>Votre salaire de base est tr\u00e8s comp\u00e9titif et les avantages sociaux sont inclus dans le package.[\/vc_column_text][\/vc_column][\/vc_row]<\/p>\n","protected":false},"excerpt":{"rendered":"<p>[vc_row full_width=\u00a0\u00bbstretch_row\u00a0\u00bb css=\u00a0\u00bb.vc_custom_1551987725257{margin-top: 35px !important;margin-bottom: 35px !important;}\u00a0\u00bb][vc_column width=\u00a0\u00bb2\/3&Prime;][vc_column_text] NOUS RECHERCHONS\u00a0: CHAUFFEURS D&rsquo;AUTOCAR ET DE BUS NOUS RECHERCHONS\u00a0:&#8230;<\/p>\n<div class=\"read_more\"><a href=\"https:\/\/www.coachpartners.be\/fr\/postes-vacants\/\">Lees Meer<\/a><\/div>\n","protected":false},"author":2,"featured_media":0,"parent":0,"menu_order":0,"comment_status":"closed","ping_status":"closed","template":"","meta":{"footnotes":""},"class_list":["post-536","page","type-page","status-publish","hentry"],"acf":[],"yoast_head":"<!-- This site is optimized with the Yoast SEO plugin v16.4 - https:\/\/yoast.com\/wordpress\/plugins\/seo\/ -->\n<meta name=\"robots\" content=\"index, follow, max-snippet:-1, max-image-preview:large, max-video-preview:-1\" \/>\n<link rel=\"canonical\" href=\"https:\/\/www.coachpartners.be\/fr\/postes-vacants\/\" \/>\n<meta property=\"og:locale\" content=\"fr_FR\" \/>\n<meta property=\"og:type\" content=\"article\" \/>\n<meta property=\"og:title\" content=\"Postes vacants - Coach Partners\" \/>\n<meta property=\"og:description\" content=\"[vc_row full_width=\u00a0\u00bbstretch_row\u00a0\u00bb css=\u00a0\u00bb.vc_custom_1551987725257{margin-top: 35px !important;margin-bottom: 35px !important;}\u00a0\u00bb][vc_column width=\u00a0\u00bb2\/3&Prime;][vc_column_text] NOUS RECHERCHONS\u00a0: CHAUFFEURS D&rsquo;AUTOCAR ET DE BUS NOUS RECHERCHONS\u00a0:...Lees Meer\" \/>\n<meta property=\"og:url\" content=\"https:\/\/www.coachpartners.be\/fr\/postes-vacants\/\" \/>\n<meta property=\"og:site_name\" content=\"Coach Partners\" \/>\n<meta property=\"article:publisher\" content=\"https:\/\/www.facebook.com\/Coach-Partners-223185087693390\/\" \/>\n<meta property=\"article:modified_time\" content=\"2019-09-17T11:59:56+00:00\" \/>\n<meta name=\"twitter:card\" content=\"summary_large_image\" \/>\n<meta name=\"twitter:label1\" content=\"Dur\u00e9e de lecture est.\" \/>\n\t<meta name=\"twitter:data1\" content=\"2 minutes\" \/>\n<script type=\"application\/ld+json\" class=\"yoast-schema-graph\">{\"@context\":\"https:\/\/schema.org\",\"@graph\":[{\"@type\":\"Organization\",\"@id\":\"https:\/\/www.coachpartners.be\/nl\/#organization\",\"name\":\"Coach Partners\",\"url\":\"https:\/\/www.coachpartners.be\/nl\/\",\"sameAs\":[\"https:\/\/www.facebook.com\/Coach-Partners-223185087693390\/\"],\"logo\":{\"@type\":\"ImageObject\",\"@id\":\"https:\/\/www.coachpartners.be\/nl\/#logo\",\"inLanguage\":\"fr-FR\",\"url\":\"https:\/\/www.coachpartners.be\/wp-content\/uploads\/2019\/03\/footer-logo.png\",\"contentUrl\":\"https:\/\/www.coachpartners.be\/wp-content\/uploads\/2019\/03\/footer-logo.png\",\"width\":297,\"height\":75,\"caption\":\"Coach Partners\"},\"image\":{\"@id\":\"https:\/\/www.coachpartners.be\/nl\/#logo\"}},{\"@type\":\"WebSite\",\"@id\":\"https:\/\/www.coachpartners.be\/nl\/#website\",\"url\":\"https:\/\/www.coachpartners.be\/nl\/\",\"name\":\"Coach Partners\",\"description\":\"\",\"publisher\":{\"@id\":\"https:\/\/www.coachpartners.be\/nl\/#organization\"},\"potentialAction\":[{\"@type\":\"SearchAction\",\"target\":\"https:\/\/www.coachpartners.be\/nl\/?s={search_term_string}\",\"query-input\":\"required name=search_term_string\"}],\"inLanguage\":\"fr-FR\"},{\"@type\":\"WebPage\",\"@id\":\"https:\/\/www.coachpartners.be\/fr\/postes-vacants\/#webpage\",\"url\":\"https:\/\/www.coachpartners.be\/fr\/postes-vacants\/\",\"name\":\"Postes vacants - Coach Partners\",\"isPartOf\":{\"@id\":\"https:\/\/www.coachpartners.be\/nl\/#website\"},\"datePublished\":\"2019-04-10T15:49:03+00:00\",\"dateModified\":\"2019-09-17T11:59:56+00:00\",\"breadcrumb\":{\"@id\":\"https:\/\/www.coachpartners.be\/fr\/postes-vacants\/#breadcrumb\"},\"inLanguage\":\"fr-FR\",\"potentialAction\":[{\"@type\":\"ReadAction\",\"target\":[\"https:\/\/www.coachpartners.be\/fr\/postes-vacants\/\"]}]},{\"@type\":\"BreadcrumbList\",\"@id\":\"https:\/\/www.coachpartners.be\/fr\/postes-vacants\/#breadcrumb\",\"itemListElement\":[{\"@type\":\"ListItem\",\"position\":1,\"item\":{\"@type\":\"WebPage\",\"@id\":\"https:\/\/www.coachpartners.be\/fr\/\",\"url\":\"https:\/\/www.coachpartners.be\/fr\/\",\"name\":\"Home\"}},{\"@type\":\"ListItem\",\"position\":2,\"item\":{\"@id\":\"https:\/\/www.coachpartners.be\/fr\/postes-vacants\/#webpage\"}}]}]}<\/script>\n<!-- \/ Yoast SEO plugin. -->","_links":{"self":[{"href":"https:\/\/www.coachpartners.be\/fr\/wp-json\/wp\/v2\/pages\/536\/"}],"collection":[{"href":"https:\/\/www.coachpartners.be\/fr\/wp-json\/wp\/v2\/pages\/"}],"about":[{"href":"https:\/\/www.coachpartners.be\/fr\/wp-json\/wp\/v2\/types\/page\/"}],"author":[{"embeddable":true,"href":"https:\/\/www.coachpartners.be\/fr\/wp-json\/wp\/v2\/users\/2\/"}],"replies":[{"embeddable":true,"href":"https:\/\/www.coachpartners.be\/fr\/wp-json\/wp\/v2\/comments\/?post=536"}],"version-history":[{"count":3,"href":"https:\/\/www.coachpartners.be\/fr\/wp-json\/wp\/v2\/pages\/536\/revisions\/"}],"predecessor-version":[{"id":1284,"href":"https:\/\/www.coachpartners.be\/fr\/wp-json\/wp\/v2\/pages\/536\/revisions\/1284\/"}],"wp:attachment":[{"href":"https:\/\/www.coachpartners.be\/fr\/wp-json\/wp\/v2\/media\/?parent=536"}],"curies":[{"name":"wp","href":"https:\/\/api.w.org\/{rel}","templated":true}]}}