{"id":538,"date":"2019-04-10T15:53:45","date_gmt":"2019-04-10T15:53:45","guid":{"rendered":"https:\/\/www.coachpartners.be\/?page_id=538"},"modified":"2019-07-04T11:43:31","modified_gmt":"2019-07-04T11:43:31","slug":"a-propos-de-nous","status":"publish","type":"page","link":"https:\/\/www.coachpartners.be\/fr\/a-propos-de-nous\/","title":{"rendered":"\u00c0 propos de nous"},"content":{"rendered":"<p>[vc_row full_width=\u00a0\u00bbstretch_row\u00a0\u00bb css=\u00a0\u00bb.vc_custom_1551987725257{margin-top: 35px !important;margin-bottom: 35px !important;}\u00a0\u00bb][vc_column width=\u00a0\u00bb2\/3&Prime;][vc_column_text]<\/p>\n<h2>COACH PARTNERS: VOYAGER AVEC L&rsquo;EXP\u00c9RIENCE<\/h2>\n<p>&nbsp;<\/p>\n<p><strong>Pour les voyageurs et les passagers<\/strong><\/p>\n<p>Avec plus de\u00a0400 autobus et autocars,\u00a0600 employ\u00e9s,\u00a0et\u00a07\u00a0agences\u00a0en Flandre et 1 agence en Wallonie, Coach Partners est une entreprise de transport par autocar r\u00e9put\u00e9e. Depuis 2008, nous transportons des centaines de passagers et de voyageurs tous les jours. Pour les \u00e9coles, les associations, les entreprises et les groupes.<\/p>\n<p>&nbsp;<\/p>\n<p><strong>Flotte moderne<\/strong><\/p>\n<p>Coach Partners est le fruit de la fusion de quatre organisations de voyages. En associant le savoir-faire et les flottes de diff\u00e9rentes entreprises familiales, nous offrons un service flexible et une bonne qualit\u00e9 au meilleur prix. Nous le faisons gr\u00e2ce \u00e0 une flotte de v\u00e9hicules r\u00e9cents. Afin de garantir \u00e0 nos passagers un trajet confortable, nous investissons chaque ann\u00e9e dans le renouvellement de nos bus et autocars.<\/p>\n<p>&nbsp;<\/p>\n<p><strong>Plusieurs g\u00e9n\u00e9rations d&rsquo;expertise<\/strong><\/p>\n<p>Le transport de passagers et l&rsquo;organisation de voyages sont les deux piliers de Coach Partners. Ce n&rsquo;est pas par hasard. L&rsquo;entreprise d&rsquo;autocars est n\u00e9e de la fusion de Flandria Cars de Langemark, Ideal Cars Toerisme de Passendale, De Vlaschaard de Courtrai et De Laere, Popelier &amp; Desmet Partners de Roulers. Ce sont toutes des entreprises familiales qui ont de nombreuses ann\u00e9es d&rsquo;exp\u00e9rience dans le domaine des autocars, de l&rsquo;organisation de voyages, des agences de voyages, des bus scolaires et des autobus pour mieux servir nos passagers.[\/vc_column_text][vc_empty_space][\/vc_column][vc_column width=\u00a0\u00bb1\/3&Prime; css=\u00a0\u00bb.vc_custom_1551987618283{padding-top: 15px !important;padding-right: 15px !important;padding-bottom: 15px !important;padding-left: 15px !important;}\u00a0\u00bb]<div class=\"ubtn-img-container  vc_custom_1562240597810\"><img decoding=\"async\" src=\"https:\/\/www.coachpartners.be\/wp-content\/uploads\/2019\/03\/65809f50-741b-4091-ab23-ff948f2df9c8.jpg\" alt=\"null\"\/><div class=\"ubtn-ctn-center \"><a class=\"ubtn-link ult-adjust-bottom-margin ubtn-center ubtn-large \" href=\"https:\/\/www.coachpartners.be\/fr\/devis-contact-autocar\/\" title=\"Deviz&amp;Contact\" ><button type=\"button\" id=\"ubtn-8480\"  class=\"ubtn ult-adjust-bottom-margin ult-responsive ubtn-large ubtn-fade-bg  ulta-hover  ubtn-center   tooltip-69eb281761d01\"  data-hover=\"#ffffff\" data-border-color=\"\" data-bg=\"#d5b804\" data-hover-bg=\"#d5b804\" data-border-hover=\"\" data-shadow-hover=\"\" data-shadow-click=\"none\" data-shadow=\"\" data-shd-shadow=\"\"  data-ultimate-target='#ubtn-8480'  data-responsive-json-new='{\"font-size\":\"desktop:22px;\",\"line-height\":\"\"}'  style=\"font-family:&#039;Poppins&#039;;font-weight:300;border:none;background: #d5b804;color: #ffffff;\"><span class=\"ubtn-hover\" style=\"background-color:#d5b804\"><\/span><span class=\"ubtn-data ubtn-text \" >Demandez votre devis d\u2019autocar ici<\/span><\/button><\/a><\/div><\/div>[vc_empty_space]<div class=\"ubtn-img-container  vc_custom_1562240609944\"><img decoding=\"async\" src=\"https:\/\/www.coachpartners.be\/wp-content\/uploads\/2019\/03\/vestiging-coachpartners.png\" alt=\"null\"\/><div class=\"ubtn-ctn-center \"><a class=\"ubtn-link ult-adjust-bottom-margin ubtn-center ubtn-large \" href=\"https:\/\/www.coachpartners.be\/fr\/devis-contact-autocar\/#\u00e9tablissement\" title=\"Deviz&amp;Contact\" ><button type=\"button\" id=\"ubtn-8196\"  class=\"ubtn ult-adjust-bottom-margin ult-responsive ubtn-large ubtn-fade-bg  ulta-hover  ubtn-center   tooltip-69eb281762233\"  data-hover=\"#0a0a0a\" data-border-color=\"\" data-bg=\"#eae6c5\" data-hover-bg=\"#eae6c5\" data-border-hover=\"\" data-shadow-hover=\"\" data-shadow-click=\"none\" data-shadow=\"\" data-shd-shadow=\"\"  data-ultimate-target='#ubtn-8196'  data-responsive-json-new='{\"font-size\":\"desktop:22px;\",\"line-height\":\"\"}'  style=\"font-family:&#039;Poppins&#039;;font-weight:300;border:none;background: #eae6c5;color: #000000;\"><span class=\"ubtn-hover\" style=\"background-color:#eae6c5\"><\/span><span class=\"ubtn-data ubtn-text \" >Contactez votre agence<\/span><\/button><\/a><\/div><\/div>[\/vc_column][\/vc_row][vc_row full_width=\u00a0\u00bbstretch_row\u00a0\u00bb content_placement=\u00a0\u00bbmiddle\u00a0\u00bb css=\u00a0\u00bb.vc_custom_1554822168588{padding-top: 0px !important;padding-bottom: 0px !important;background-color: #1a2f4c !important;}\u00a0\u00bb][vc_column width=\u00a0\u00bb2\/3&Prime; css=\u00a0\u00bb.vc_custom_1551988127363{padding-top: 0px !important;}\u00a0\u00bb]<div id=\"ultimate-heading-95369eb281762579\" class=\"uvc-heading ult-adjust-bottom-margin ultimate-heading-95369eb281762579 uvc-5173 \" data-hspacer=\"no_spacer\"  data-halign=\"center\" style=\"text-align:center\"><div class=\"uvc-heading-spacer no_spacer\" style=\"top\"><\/div><div class=\"uvc-main-heading ult-responsive\"  data-ultimate-target='.uvc-heading.ultimate-heading-95369eb281762579 h2'  data-responsive-json-new='{\"font-size\":\"\",\"line-height\":\"\"}' ><h2 style=\"font-family:&#039;Poppins&#039;;font-weight:600;color:#ffffff;\">Vous souhaitez prendre une formule compl\u00e8te? D\u00e9couvrez nos voyages Viamundi &gt;<\/h2><\/div><\/div>[\/vc_column][vc_column width=\u00a0\u00bb1\/3&Prime;][vc_single_image image=\u00a0\u00bb219&Prime; img_size=\u00a0\u00bbfull\u00a0\u00bb onclick=\u00a0\u00bbcustom_link\u00a0\u00bb img_link_target=\u00a0\u00bb_blank\u00a0\u00bb link=\u00a0\u00bbhttp:\/\/www.viamundi.be\/\u00a0\u00bb][\/vc_column][\/vc_row]<\/p>\n","protected":false},"excerpt":{"rendered":"<p>[vc_row full_width=\u00a0\u00bbstretch_row\u00a0\u00bb css=\u00a0\u00bb.vc_custom_1551987725257{margin-top: 35px !important;margin-bottom: 35px !important;}\u00a0\u00bb][vc_column width=\u00a0\u00bb2\/3&Prime;][vc_column_text] COACH PARTNERS: VOYAGER AVEC L&rsquo;EXP\u00c9RIENCE &nbsp; Pour les voyageurs&#8230;<\/p>\n<div class=\"read_more\"><a href=\"https:\/\/www.coachpartners.be\/fr\/a-propos-de-nous\/\">Lees Meer<\/a><\/div>\n","protected":false},"author":2,"featured_media":0,"parent":0,"menu_order":0,"comment_status":"closed","ping_status":"closed","template":"","meta":{"footnotes":""},"class_list":["post-538","page","type-page","status-publish","hentry"],"acf":[],"yoast_head":"<!-- This site is optimized with the Yoast SEO plugin v16.4 - https:\/\/yoast.com\/wordpress\/plugins\/seo\/ -->\n<meta name=\"robots\" content=\"index, follow, max-snippet:-1, max-image-preview:large, max-video-preview:-1\" \/>\n<link rel=\"canonical\" href=\"https:\/\/www.coachpartners.be\/fr\/a-propos-de-nous\/\" \/>\n<meta property=\"og:locale\" content=\"fr_FR\" \/>\n<meta property=\"og:type\" content=\"article\" \/>\n<meta property=\"og:title\" content=\"\u00c0 propos de nous - Coach Partners\" \/>\n<meta property=\"og:description\" content=\"[vc_row full_width=\u00a0\u00bbstretch_row\u00a0\u00bb css=\u00a0\u00bb.vc_custom_1551987725257{margin-top: 35px !important;margin-bottom: 35px !important;}\u00a0\u00bb][vc_column width=\u00a0\u00bb2\/3&Prime;][vc_column_text] COACH PARTNERS: VOYAGER AVEC L&rsquo;EXP\u00c9RIENCE &nbsp; Pour les voyageurs...Lees Meer\" \/>\n<meta property=\"og:url\" content=\"https:\/\/www.coachpartners.be\/fr\/a-propos-de-nous\/\" \/>\n<meta property=\"og:site_name\" content=\"Coach Partners\" \/>\n<meta property=\"article:publisher\" content=\"https:\/\/www.facebook.com\/Coach-Partners-223185087693390\/\" \/>\n<meta property=\"article:modified_time\" content=\"2019-07-04T11:43:31+00:00\" \/>\n<meta name=\"twitter:card\" content=\"summary_large_image\" \/>\n<meta name=\"twitter:label1\" content=\"Dur\u00e9e de lecture est.\" \/>\n\t<meta name=\"twitter:data1\" content=\"3 minutes\" \/>\n<script type=\"application\/ld+json\" class=\"yoast-schema-graph\">{\"@context\":\"https:\/\/schema.org\",\"@graph\":[{\"@type\":\"Organization\",\"@id\":\"https:\/\/www.coachpartners.be\/nl\/#organization\",\"name\":\"Coach Partners\",\"url\":\"https:\/\/www.coachpartners.be\/nl\/\",\"sameAs\":[\"https:\/\/www.facebook.com\/Coach-Partners-223185087693390\/\"],\"logo\":{\"@type\":\"ImageObject\",\"@id\":\"https:\/\/www.coachpartners.be\/nl\/#logo\",\"inLanguage\":\"fr-FR\",\"url\":\"https:\/\/www.coachpartners.be\/wp-content\/uploads\/2019\/03\/footer-logo.png\",\"contentUrl\":\"https:\/\/www.coachpartners.be\/wp-content\/uploads\/2019\/03\/footer-logo.png\",\"width\":297,\"height\":75,\"caption\":\"Coach Partners\"},\"image\":{\"@id\":\"https:\/\/www.coachpartners.be\/nl\/#logo\"}},{\"@type\":\"WebSite\",\"@id\":\"https:\/\/www.coachpartners.be\/nl\/#website\",\"url\":\"https:\/\/www.coachpartners.be\/nl\/\",\"name\":\"Coach Partners\",\"description\":\"\",\"publisher\":{\"@id\":\"https:\/\/www.coachpartners.be\/nl\/#organization\"},\"potentialAction\":[{\"@type\":\"SearchAction\",\"target\":\"https:\/\/www.coachpartners.be\/nl\/?s={search_term_string}\",\"query-input\":\"required name=search_term_string\"}],\"inLanguage\":\"fr-FR\"},{\"@type\":\"WebPage\",\"@id\":\"https:\/\/www.coachpartners.be\/fr\/a-propos-de-nous\/#webpage\",\"url\":\"https:\/\/www.coachpartners.be\/fr\/a-propos-de-nous\/\",\"name\":\"\\u00c0 propos de nous - Coach Partners\",\"isPartOf\":{\"@id\":\"https:\/\/www.coachpartners.be\/nl\/#website\"},\"datePublished\":\"2019-04-10T15:53:45+00:00\",\"dateModified\":\"2019-07-04T11:43:31+00:00\",\"breadcrumb\":{\"@id\":\"https:\/\/www.coachpartners.be\/fr\/a-propos-de-nous\/#breadcrumb\"},\"inLanguage\":\"fr-FR\",\"potentialAction\":[{\"@type\":\"ReadAction\",\"target\":[\"https:\/\/www.coachpartners.be\/fr\/a-propos-de-nous\/\"]}]},{\"@type\":\"BreadcrumbList\",\"@id\":\"https:\/\/www.coachpartners.be\/fr\/a-propos-de-nous\/#breadcrumb\",\"itemListElement\":[{\"@type\":\"ListItem\",\"position\":1,\"item\":{\"@type\":\"WebPage\",\"@id\":\"https:\/\/www.coachpartners.be\/fr\/\",\"url\":\"https:\/\/www.coachpartners.be\/fr\/\",\"name\":\"Home\"}},{\"@type\":\"ListItem\",\"position\":2,\"item\":{\"@id\":\"https:\/\/www.coachpartners.be\/fr\/a-propos-de-nous\/#webpage\"}}]}]}<\/script>\n<!-- \/ Yoast SEO plugin. -->","_links":{"self":[{"href":"https:\/\/www.coachpartners.be\/fr\/wp-json\/wp\/v2\/pages\/538\/"}],"collection":[{"href":"https:\/\/www.coachpartners.be\/fr\/wp-json\/wp\/v2\/pages\/"}],"about":[{"href":"https:\/\/www.coachpartners.be\/fr\/wp-json\/wp\/v2\/types\/page\/"}],"author":[{"embeddable":true,"href":"https:\/\/www.coachpartners.be\/fr\/wp-json\/wp\/v2\/users\/2\/"}],"replies":[{"embeddable":true,"href":"https:\/\/www.coachpartners.be\/fr\/wp-json\/wp\/v2\/comments\/?post=538"}],"version-history":[{"count":7,"href":"https:\/\/www.coachpartners.be\/fr\/wp-json\/wp\/v2\/pages\/538\/revisions\/"}],"predecessor-version":[{"id":1274,"href":"https:\/\/www.coachpartners.be\/fr\/wp-json\/wp\/v2\/pages\/538\/revisions\/1274\/"}],"wp:attachment":[{"href":"https:\/\/www.coachpartners.be\/fr\/wp-json\/wp\/v2\/media\/?parent=538"}],"curies":[{"name":"wp","href":"https:\/\/api.w.org\/{rel}","templated":true}]}}