{"id":540,"date":"2019-04-10T15:57:16","date_gmt":"2019-04-10T15:57:16","guid":{"rendered":"https:\/\/www.coachpartners.be\/?page_id=540"},"modified":"2019-07-04T11:44:18","modified_gmt":"2019-07-04T11:44:18","slug":"references","status":"publish","type":"page","link":"https:\/\/www.coachpartners.be\/fr\/references\/","title":{"rendered":"R\u00e9f\u00e9rences"},"content":{"rendered":"<p>[vc_row full_width=\u00a0\u00bbstretch_row\u00a0\u00bb css=\u00a0\u00bb.vc_custom_1551987725257{margin-top: 35px !important;margin-bottom: 35px !important;}\u00a0\u00bb][vc_column width=\u00a0\u00bb2\/3&Prime;][vc_column_text]<\/p>\n<h2>PARTENAIRE DES ASSOCIATIONS, \u00c9COLES ET ENTREPRISES<\/h2>\n<p>&nbsp;<\/p>\n<p><strong>Les associations sont entre de bonnes mains<\/strong><\/p>\n<p>Avec plus de 218 000 membres, OKRA est la plus grande association de personnes \u00e2g\u00e9es de plus de 55 ans dans le pays. Les nombreuses branches de Flandre organisent des voyages et des activit\u00e9s chaque semaine. Coach Partners assure le transport en tour facilit\u00e9 pour de nombreuses branches. Il en va de m\u00eame pour les 45\u00a0000 familles affili\u00e9es \u00e0 Pasar. L&rsquo;association socioculturelle organise des voyages, des vacances et des excursions touristiques et fait souvent confiance \u00e0 nos services.<\/p>\n<p>&nbsp;<\/p>\n<p><strong>La confiance des \u00e9coles<\/strong><\/p>\n<p>Les \u00e9coles primaires et les \u00e9coles secondaires font confiance chaque jour \u00e0 Coach Partners pour transporter leurs \u00e9l\u00e8ves en toute s\u00e9curit\u00e9. Que ce soit pour des excursions \u00e0 la journ\u00e9e, des sorties scolaires ou un service quotidien de bus scolaire.\u00a0\u00c0 Bruges comme \u00e0 Louvain et \u00e0 Tournai comme \u00e0 Gand, enfants et \u00e9l\u00e8ves empruntent chaque jour l&rsquo;un de nos bus scolaires.<\/p>\n<p>&nbsp;<\/p>\n<p><strong>Le meilleur transport pour les meilleurs sportifs<\/strong><\/p>\n<p>Les meilleurs sportifs m\u00e9ritent les meilleurs soins. Surtout quand ils doivent se d\u00e9placer pour les comp\u00e9titions. Coach Partners est la compagnie de bus officielle du club de football KV Courtrai et du club de volley-ball Knack Roulers.\u00a0Nos autocars de luxe transportent les joueurs et les entra\u00eeneurs en toute s\u00e9curit\u00e9 et en forme optimale vers le stade.<\/p>\n<p>&nbsp;<\/p>\n<p><strong>Demander plus de r\u00e9f\u00e9rences<\/strong><\/p>\n<p>Vous souhaitez voir plus d&rsquo;exemples et de r\u00e9f\u00e9rences de notre collaboration fructueuse avec des institutions priv\u00e9es ou publiques\u00a0? Appelez-nous. Nous serions fiers de vous faire conna\u00eetre les entreprises, associations et \u00e9coles que nous transportons r\u00e9guli\u00e8rement.[\/vc_column_text][\/vc_column][vc_column width=\u00a0\u00bb1\/3&Prime; css=\u00a0\u00bb.vc_custom_1551987618283{padding-top: 15px !important;padding-right: 15px !important;padding-bottom: 15px !important;padding-left: 15px !important;}\u00a0\u00bb]<div class=\"ubtn-img-container  vc_custom_1562240660644\"><img decoding=\"async\" src=\"https:\/\/www.coachpartners.be\/wp-content\/uploads\/2019\/03\/65809f50-741b-4091-ab23-ff948f2df9c8.jpg\" alt=\"null\"\/><div class=\"ubtn-ctn-center \"><a class=\"ubtn-link ult-adjust-bottom-margin ubtn-center ubtn-large \" href=\"https:\/\/www.coachpartners.be\/fr\/devis-contact-autocar\/\" title=\"Deviz&amp;Contact\" ><button type=\"button\" id=\"ubtn-8469\"  class=\"ubtn ult-adjust-bottom-margin ult-responsive ubtn-large ubtn-fade-bg  ulta-hover  ubtn-center   tooltip-6a073e3c6ca2e\"  data-hover=\"#ffffff\" data-border-color=\"\" data-bg=\"#d5b804\" data-hover-bg=\"#d5b804\" data-border-hover=\"\" data-shadow-hover=\"\" data-shadow-click=\"none\" data-shadow=\"\" data-shd-shadow=\"\"  data-ultimate-target='#ubtn-8469'  data-responsive-json-new='{\"font-size\":\"desktop:22px;\",\"line-height\":\"\"}'  style=\"font-family:&#039;Poppins&#039;;font-weight:300;border:none;background: #d5b804;color: #ffffff;\"><span class=\"ubtn-hover\" style=\"background-color:#d5b804\"><\/span><span class=\"ubtn-data ubtn-text \" >Demandez votre devis d\u2019autocar ici<\/span><\/button><\/a><\/div><\/div>[vc_empty_space]<div class=\"ubtn-img-container  vc_custom_1562240670036\"><img decoding=\"async\" src=\"https:\/\/www.coachpartners.be\/wp-content\/uploads\/2019\/03\/vestiging-coachpartners.png\" alt=\"null\"\/><div class=\"ubtn-ctn-center \"><a class=\"ubtn-link ult-adjust-bottom-margin ubtn-center ubtn-large \" href=\"https:\/\/www.coachpartners.be\/fr\/devis-contact-autocar\/#\u00e9tablissement\" title=\"Deviz&amp;Contact\" ><button type=\"button\" id=\"ubtn-1210\"  class=\"ubtn ult-adjust-bottom-margin ult-responsive ubtn-large ubtn-fade-bg  ulta-hover  ubtn-center   tooltip-6a073e3c6d3a1\"  data-hover=\"#0a0a0a\" data-border-color=\"\" data-bg=\"#eae6c5\" data-hover-bg=\"#eae6c5\" data-border-hover=\"\" data-shadow-hover=\"\" data-shadow-click=\"none\" data-shadow=\"\" data-shd-shadow=\"\"  data-ultimate-target='#ubtn-1210'  data-responsive-json-new='{\"font-size\":\"desktop:22px;\",\"line-height\":\"\"}'  style=\"font-family:&#039;Poppins&#039;;font-weight:300;border:none;background: #eae6c5;color: #000000;\"><span class=\"ubtn-hover\" style=\"background-color:#eae6c5\"><\/span><span class=\"ubtn-data ubtn-text \" >Contactez votre agence<\/span><\/button><\/a><\/div><\/div>[\/vc_column][\/vc_row][vc_row full_width=\u00a0\u00bbstretch_row\u00a0\u00bb content_placement=\u00a0\u00bbmiddle\u00a0\u00bb css=\u00a0\u00bb.vc_custom_1554822168588{padding-top: 0px !important;padding-bottom: 0px !important;background-color: #1a2f4c !important;}\u00a0\u00bb][vc_column width=\u00a0\u00bb2\/3&Prime; css=\u00a0\u00bb.vc_custom_1551988127363{padding-top: 0px !important;}\u00a0\u00bb]<div id=\"ultimate-heading-93996a073e3c6d695\" class=\"uvc-heading ult-adjust-bottom-margin ultimate-heading-93996a073e3c6d695 uvc-4684 \" data-hspacer=\"no_spacer\"  data-halign=\"center\" style=\"text-align:center\"><div class=\"uvc-heading-spacer no_spacer\" style=\"top\"><\/div><div class=\"uvc-main-heading ult-responsive\"  data-ultimate-target='.uvc-heading.ultimate-heading-93996a073e3c6d695 h2'  data-responsive-json-new='{\"font-size\":\"\",\"line-height\":\"\"}' ><h2 style=\"font-family:&#039;Poppins&#039;;font-weight:600;color:#ffffff;\">Vous souhaitez prendre une formule compl\u00e8te? D\u00e9couvrez nos voyages Viamundi &gt;<\/h2><\/div><\/div>[\/vc_column][vc_column width=\u00a0\u00bb1\/3&Prime;][vc_single_image image=\u00a0\u00bb219&Prime; img_size=\u00a0\u00bbfull\u00a0\u00bb onclick=\u00a0\u00bbcustom_link\u00a0\u00bb img_link_target=\u00a0\u00bb_blank\u00a0\u00bb link=\u00a0\u00bbhttp:\/\/www.viamundi.be\/\u00a0\u00bb][\/vc_column][\/vc_row]<\/p>\n","protected":false},"excerpt":{"rendered":"<p>[vc_row full_width=\u00a0\u00bbstretch_row\u00a0\u00bb css=\u00a0\u00bb.vc_custom_1551987725257{margin-top: 35px !important;margin-bottom: 35px !important;}\u00a0\u00bb][vc_column width=\u00a0\u00bb2\/3&Prime;][vc_column_text] PARTENAIRE DES ASSOCIATIONS, \u00c9COLES ET ENTREPRISES &nbsp; Les associations&#8230;<\/p>\n<div class=\"read_more\"><a href=\"https:\/\/www.coachpartners.be\/fr\/references\/\">Lees Meer<\/a><\/div>\n","protected":false},"author":2,"featured_media":0,"parent":0,"menu_order":0,"comment_status":"closed","ping_status":"closed","template":"","meta":{"footnotes":""},"class_list":["post-540","page","type-page","status-publish","hentry"],"acf":[],"yoast_head":"<!-- This site is optimized with the Yoast SEO plugin v16.4 - https:\/\/yoast.com\/wordpress\/plugins\/seo\/ -->\n<meta name=\"robots\" content=\"index, follow, max-snippet:-1, max-image-preview:large, max-video-preview:-1\" \/>\n<link rel=\"canonical\" href=\"https:\/\/www.coachpartners.be\/fr\/references\/\" \/>\n<meta property=\"og:locale\" content=\"fr_FR\" \/>\n<meta property=\"og:type\" content=\"article\" \/>\n<meta property=\"og:title\" content=\"R\u00e9f\u00e9rences - Coach Partners\" \/>\n<meta property=\"og:description\" content=\"[vc_row full_width=\u00a0\u00bbstretch_row\u00a0\u00bb css=\u00a0\u00bb.vc_custom_1551987725257{margin-top: 35px !important;margin-bottom: 35px !important;}\u00a0\u00bb][vc_column width=\u00a0\u00bb2\/3&Prime;][vc_column_text] PARTENAIRE DES ASSOCIATIONS, \u00c9COLES ET ENTREPRISES &nbsp; Les associations...Lees Meer\" \/>\n<meta property=\"og:url\" content=\"https:\/\/www.coachpartners.be\/fr\/references\/\" \/>\n<meta property=\"og:site_name\" content=\"Coach Partners\" \/>\n<meta property=\"article:publisher\" content=\"https:\/\/www.facebook.com\/Coach-Partners-223185087693390\/\" \/>\n<meta property=\"article:modified_time\" content=\"2019-07-04T11:44:18+00:00\" \/>\n<meta name=\"twitter:card\" content=\"summary_large_image\" \/>\n<meta name=\"twitter:label1\" content=\"Dur\u00e9e de lecture est.\" \/>\n\t<meta name=\"twitter:data1\" content=\"3 minutes\" \/>\n<script type=\"application\/ld+json\" class=\"yoast-schema-graph\">{\"@context\":\"https:\/\/schema.org\",\"@graph\":[{\"@type\":\"Organization\",\"@id\":\"https:\/\/www.coachpartners.be\/nl\/#organization\",\"name\":\"Coach Partners\",\"url\":\"https:\/\/www.coachpartners.be\/nl\/\",\"sameAs\":[\"https:\/\/www.facebook.com\/Coach-Partners-223185087693390\/\"],\"logo\":{\"@type\":\"ImageObject\",\"@id\":\"https:\/\/www.coachpartners.be\/nl\/#logo\",\"inLanguage\":\"fr-FR\",\"url\":\"https:\/\/www.coachpartners.be\/wp-content\/uploads\/2019\/03\/footer-logo.png\",\"contentUrl\":\"https:\/\/www.coachpartners.be\/wp-content\/uploads\/2019\/03\/footer-logo.png\",\"width\":297,\"height\":75,\"caption\":\"Coach Partners\"},\"image\":{\"@id\":\"https:\/\/www.coachpartners.be\/nl\/#logo\"}},{\"@type\":\"WebSite\",\"@id\":\"https:\/\/www.coachpartners.be\/nl\/#website\",\"url\":\"https:\/\/www.coachpartners.be\/nl\/\",\"name\":\"Coach Partners\",\"description\":\"\",\"publisher\":{\"@id\":\"https:\/\/www.coachpartners.be\/nl\/#organization\"},\"potentialAction\":[{\"@type\":\"SearchAction\",\"target\":\"https:\/\/www.coachpartners.be\/nl\/?s={search_term_string}\",\"query-input\":\"required name=search_term_string\"}],\"inLanguage\":\"fr-FR\"},{\"@type\":\"WebPage\",\"@id\":\"https:\/\/www.coachpartners.be\/fr\/references\/#webpage\",\"url\":\"https:\/\/www.coachpartners.be\/fr\/references\/\",\"name\":\"R\\u00e9f\\u00e9rences - Coach Partners\",\"isPartOf\":{\"@id\":\"https:\/\/www.coachpartners.be\/nl\/#website\"},\"datePublished\":\"2019-04-10T15:57:16+00:00\",\"dateModified\":\"2019-07-04T11:44:18+00:00\",\"breadcrumb\":{\"@id\":\"https:\/\/www.coachpartners.be\/fr\/references\/#breadcrumb\"},\"inLanguage\":\"fr-FR\",\"potentialAction\":[{\"@type\":\"ReadAction\",\"target\":[\"https:\/\/www.coachpartners.be\/fr\/references\/\"]}]},{\"@type\":\"BreadcrumbList\",\"@id\":\"https:\/\/www.coachpartners.be\/fr\/references\/#breadcrumb\",\"itemListElement\":[{\"@type\":\"ListItem\",\"position\":1,\"item\":{\"@type\":\"WebPage\",\"@id\":\"https:\/\/www.coachpartners.be\/fr\/\",\"url\":\"https:\/\/www.coachpartners.be\/fr\/\",\"name\":\"Home\"}},{\"@type\":\"ListItem\",\"position\":2,\"item\":{\"@id\":\"https:\/\/www.coachpartners.be\/fr\/references\/#webpage\"}}]}]}<\/script>\n<!-- \/ Yoast SEO plugin. -->","_links":{"self":[{"href":"https:\/\/www.coachpartners.be\/fr\/wp-json\/wp\/v2\/pages\/540\/"}],"collection":[{"href":"https:\/\/www.coachpartners.be\/fr\/wp-json\/wp\/v2\/pages\/"}],"about":[{"href":"https:\/\/www.coachpartners.be\/fr\/wp-json\/wp\/v2\/types\/page\/"}],"author":[{"embeddable":true,"href":"https:\/\/www.coachpartners.be\/fr\/wp-json\/wp\/v2\/users\/2\/"}],"replies":[{"embeddable":true,"href":"https:\/\/www.coachpartners.be\/fr\/wp-json\/wp\/v2\/comments\/?post=540"}],"version-history":[{"count":4,"href":"https:\/\/www.coachpartners.be\/fr\/wp-json\/wp\/v2\/pages\/540\/revisions\/"}],"predecessor-version":[{"id":1240,"href":"https:\/\/www.coachpartners.be\/fr\/wp-json\/wp\/v2\/pages\/540\/revisions\/1240\/"}],"wp:attachment":[{"href":"https:\/\/www.coachpartners.be\/fr\/wp-json\/wp\/v2\/media\/?parent=540"}],"curies":[{"name":"wp","href":"https:\/\/api.w.org\/{rel}","templated":true}]}}