{"id":569,"date":"2019-04-11T12:21:13","date_gmt":"2019-04-11T12:21:13","guid":{"rendered":"https:\/\/www.coachpartners.be\/?page_id=569"},"modified":"2019-07-04T11:34:10","modified_gmt":"2019-07-04T11:34:10","slug":"companies-b2b","status":"publish","type":"page","link":"https:\/\/www.coachpartners.be\/fr\/companies-b2b\/","title":{"rendered":"Companies + B2B"},"content":{"rendered":"<p>[vc_row full_width=\u00a0\u00bbstretch_row\u00a0\u00bb css=\u00a0\u00bb.vc_custom_1551987725257{margin-top: 35px !important;margin-bottom: 35px !important;}\u00a0\u00bb][vc_column width=\u00a0\u00bb2\/3&Prime;][vc_column_text]<\/p>\n<h2>AUTOCARS POUR LES VOYAGES D&rsquo;ENTREPRISE<\/h2>\n<p>&nbsp;<\/p>\n<p><strong>Le chemin le plus court pour votre entreprise<\/strong><\/p>\n<p>Faites une sortie avec votre personnel ou vos employ\u00e9s. Avec une large gamme de bus, allant de l&rsquo;autocar de luxe \u00e0 l&rsquo;autobus \u00e9conomique, nous vous emmenons o\u00f9 vous voulez, sur simple demande. Nous proposons aussi des excursions de plusieurs jours et des visites de villes. Tout le monde peut participer \u00e0 des activit\u00e9s de coh\u00e9sion ou \u00e0 une sortie d&rsquo;entreprise. Sur simple demande, nous pouvons pr\u00e9voir de l&rsquo;espace pour que l\u2019autocar puisse transporter des v\u00e9los ou des valises suppl\u00e9mentaires. Nous pouvons \u00e9galement rendre l\u2019autocar accessible aux travailleurs \u00e0 mobilit\u00e9 r\u00e9duite.<\/p>\n<p>&nbsp;<\/p>\n<p><strong>Office On Wheels<\/strong><\/p>\n<p>Vous en avez assez des embouteillages sans fin et vous souhaitez passer votre temps de trajet de mani\u00e8re utile ? Dans ce cas, prenez notre bureau-bus ! C\u2019est votre \u00ab bureau mobile \u00bb qui convertit votre temps de trajet en temps de travail. Montez dans notre bus et profitez d\u2019un r\u00e9seau WiFi stable, avec suffisamment d\u2019espace personnel, une table et toutes les installations permettant de travailler en toute tranquillit\u00e9 sur votre ordinateur portable. Nous pouvons m\u00eame fournir une imprimante et un \u00e9cran de projection ou transformer le bus en salle de r\u00e9union. En bref, vous ne perdez plus de temps dans les embouteillages et vous arrivez tranquillement sur votre lieu de travail. C\u2019est pratique !<\/p>\n<p>&nbsp;<\/p>\n<p><strong>Service de navette pour le personnel<\/strong><\/p>\n<p>Coach Partners est exp\u00e9riment\u00e9 dans le transport des employ\u00e9s. Nous sommes \u00e0 l&rsquo;\u00e9coute de vos souhaits, de vos besoins et de votre calendrier pour assurer le bon fonctionnement du transport du personnel de votre soci\u00e9t\u00e9. Nos bus avec des chauffeurs professionnels et ponctuels font la navette entre diff\u00e9rents sites d&rsquo;entreprise ou assurent un transport collectif depuis ou vers une gare ou un a\u00e9roport. Gr\u00e2ce \u00e0 notre vaste flotte et \u00e0 nos agences en Flandre-Occidentale, Flandre-Orientale, Brabant flamand, Anvers et Hainaut, nous r\u00e9pondons avec souplesse \u00e0 toutes les demandes.\u00a0Contactez-nous pour plus d&rsquo;informations.<\/p>\n<p>&nbsp;<\/p>\n<p><strong>Voyages de groupe pour entreprises<\/strong><\/p>\n<p>Faites plaisir \u00e0 vos clients, votre personnel ou vos vendeurs. En tant qu\u2019organisation et agence de voyage, Coach Partners pr\u00e9pare avec vous un voyage de groupe ou de r\u00e9compense. Dites-nous ce que vous voulez faire, nous nous occupons de la pr\u00e9paration. Dans les moindres d\u00e9tails. Non seulement nous vous transportons confortablement, mais nous mettons aussi en place un programme complet pour vous. Avec des guides touristiques exp\u00e9riment\u00e9s, de bons restaurants, un ferry original, une visite de mus\u00e9e, une activit\u00e9 stimulante, etc.\u00a0D\u00e9couvrez notre offre.[\/vc_column_text][\/vc_column][vc_column width=\u00a0\u00bb1\/3&Prime; css=\u00a0\u00bb.vc_custom_1551987618283{padding-top: 15px !important;padding-right: 15px !important;padding-bottom: 15px !important;padding-left: 15px !important;}\u00a0\u00bb]<div class=\"ubtn-img-container  vc_custom_1562240046499\"><img decoding=\"async\" src=\"https:\/\/www.coachpartners.be\/wp-content\/uploads\/2019\/03\/65809f50-741b-4091-ab23-ff948f2df9c8.jpg\" alt=\"null\"\/><div class=\"ubtn-ctn-center \"><a class=\"ubtn-link ult-adjust-bottom-margin ubtn-center ubtn-large \" href=\"https:\/\/www.coachpartners.be\/fr\/devis-contact-autocar\/\" title=\"Deviz&amp;Contact\" ><button type=\"button\" id=\"ubtn-5935\"  class=\"ubtn ult-adjust-bottom-margin ult-responsive ubtn-large ubtn-fade-bg  ulta-hover  ubtn-center   tooltip-6a096a0a02026\"  data-hover=\"#ffffff\" data-border-color=\"\" data-bg=\"#d5b804\" data-hover-bg=\"#d5b804\" data-border-hover=\"\" data-shadow-hover=\"\" data-shadow-click=\"none\" data-shadow=\"\" data-shd-shadow=\"\"  data-ultimate-target='#ubtn-5935'  data-responsive-json-new='{\"font-size\":\"desktop:22px;\",\"line-height\":\"\"}'  style=\"font-family:&#039;Poppins&#039;;font-weight:300;border:none;background: #d5b804;color: #ffffff;\"><span class=\"ubtn-hover\" style=\"background-color:#d5b804\"><\/span><span class=\"ubtn-data ubtn-text \" >Demandez votre devis d\u2019autocar ici<\/span><\/button><\/a><\/div><\/div>[vc_empty_space][vc_single_image image=\u00a0\u00bb503&Prime; img_size=\u00a0\u00bblarge\u00a0\u00bb alignment=\u00a0\u00bbcenter\u00a0\u00bb][\/vc_column][\/vc_row][vc_row full_width=\u00a0\u00bbstretch_row\u00a0\u00bb content_placement=\u00a0\u00bbmiddle\u00a0\u00bb bg_type=\u00a0\u00bbbg_color\u00a0\u00bb css=\u00a0\u00bb.vc_custom_1553785949054{padding-top: 0px !important;padding-bottom: 0px !important;}\u00a0\u00bb bg_color_value=\u00a0\u00bb#ededed\u00a0\u00bb][vc_column css=\u00a0\u00bb.vc_custom_1551988127363{padding-top: 0px !important;}\u00a0\u00bb][vc_empty_space][vc_video link=\u00a0\u00bbhttps:\/\/www.youtube.com\/watch?v=dcyeBW3DtIw\u00a0\u00bb][\/vc_column][\/vc_row][vc_row full_width=\u00a0\u00bbstretch_row\u00a0\u00bb content_placement=\u00a0\u00bbmiddle\u00a0\u00bb css=\u00a0\u00bb.vc_custom_1554822168588{padding-top: 0px !important;padding-bottom: 0px !important;background-color: #1a2f4c !important;}\u00a0\u00bb][vc_column width=\u00a0\u00bb2\/3&Prime; css=\u00a0\u00bb.vc_custom_1551988127363{padding-top: 0px !important;}\u00a0\u00bb]<div id=\"ultimate-heading-18756a096a0a02c27\" class=\"uvc-heading ult-adjust-bottom-margin ultimate-heading-18756a096a0a02c27 uvc-8696 \" data-hspacer=\"no_spacer\"  data-halign=\"center\" style=\"text-align:center\"><div class=\"uvc-heading-spacer no_spacer\" style=\"top\"><\/div><div class=\"uvc-main-heading ult-responsive\"  data-ultimate-target='.uvc-heading.ultimate-heading-18756a096a0a02c27 h2'  data-responsive-json-new='{\"font-size\":\"\",\"line-height\":\"\"}' ><h2 style=\"font-family:&#039;Poppins&#039;;font-weight:600;color:#ffffff;\">Vous souhaitez prendre une formule compl\u00e8te? D\u00e9couvrez nos voyages Viamundi &gt;<\/h2><\/div><\/div>[\/vc_column][vc_column width=\u00a0\u00bb1\/3&Prime;][vc_single_image image=\u00a0\u00bb219&Prime; img_size=\u00a0\u00bbfull\u00a0\u00bb onclick=\u00a0\u00bbcustom_link\u00a0\u00bb img_link_target=\u00a0\u00bb_blank\u00a0\u00bb link=\u00a0\u00bbhttp:\/\/www.viamundi.be\/\u00a0\u00bb][\/vc_column][\/vc_row]<\/p>\n","protected":false},"excerpt":{"rendered":"<p>[vc_row full_width=\u00a0\u00bbstretch_row\u00a0\u00bb css=\u00a0\u00bb.vc_custom_1551987725257{margin-top: 35px !important;margin-bottom: 35px !important;}\u00a0\u00bb][vc_column width=\u00a0\u00bb2\/3&Prime;][vc_column_text] AUTOCARS POUR LES VOYAGES D&rsquo;ENTREPRISE &nbsp; Le chemin le&#8230;<\/p>\n<div class=\"read_more\"><a href=\"https:\/\/www.coachpartners.be\/fr\/companies-b2b\/\">Lees Meer<\/a><\/div>\n","protected":false},"author":2,"featured_media":0,"parent":0,"menu_order":0,"comment_status":"closed","ping_status":"closed","template":"","meta":{"footnotes":""},"class_list":["post-569","page","type-page","status-publish","hentry"],"acf":[],"yoast_head":"<!-- This site is optimized with the Yoast SEO plugin v16.4 - https:\/\/yoast.com\/wordpress\/plugins\/seo\/ -->\n<meta name=\"robots\" content=\"index, follow, max-snippet:-1, max-image-preview:large, max-video-preview:-1\" \/>\n<link rel=\"canonical\" href=\"https:\/\/www.coachpartners.be\/fr\/companies-b2b\/\" \/>\n<meta property=\"og:locale\" content=\"fr_FR\" \/>\n<meta property=\"og:type\" content=\"article\" \/>\n<meta property=\"og:title\" content=\"Companies + B2B - Coach Partners\" \/>\n<meta property=\"og:description\" content=\"[vc_row full_width=\u00a0\u00bbstretch_row\u00a0\u00bb css=\u00a0\u00bb.vc_custom_1551987725257{margin-top: 35px !important;margin-bottom: 35px !important;}\u00a0\u00bb][vc_column width=\u00a0\u00bb2\/3&Prime;][vc_column_text] AUTOCARS POUR LES VOYAGES D&rsquo;ENTREPRISE &nbsp; Le chemin le...Lees Meer\" \/>\n<meta property=\"og:url\" content=\"https:\/\/www.coachpartners.be\/fr\/companies-b2b\/\" \/>\n<meta property=\"og:site_name\" content=\"Coach Partners\" \/>\n<meta property=\"article:publisher\" content=\"https:\/\/www.facebook.com\/Coach-Partners-223185087693390\/\" \/>\n<meta property=\"article:modified_time\" content=\"2019-07-04T11:34:10+00:00\" \/>\n<meta name=\"twitter:card\" content=\"summary_large_image\" \/>\n<meta name=\"twitter:label1\" content=\"Dur\u00e9e de lecture est.\" \/>\n\t<meta name=\"twitter:data1\" content=\"4 minutes\" \/>\n<script type=\"application\/ld+json\" class=\"yoast-schema-graph\">{\"@context\":\"https:\/\/schema.org\",\"@graph\":[{\"@type\":\"Organization\",\"@id\":\"https:\/\/www.coachpartners.be\/nl\/#organization\",\"name\":\"Coach Partners\",\"url\":\"https:\/\/www.coachpartners.be\/nl\/\",\"sameAs\":[\"https:\/\/www.facebook.com\/Coach-Partners-223185087693390\/\"],\"logo\":{\"@type\":\"ImageObject\",\"@id\":\"https:\/\/www.coachpartners.be\/nl\/#logo\",\"inLanguage\":\"fr-FR\",\"url\":\"https:\/\/www.coachpartners.be\/wp-content\/uploads\/2019\/03\/footer-logo.png\",\"contentUrl\":\"https:\/\/www.coachpartners.be\/wp-content\/uploads\/2019\/03\/footer-logo.png\",\"width\":297,\"height\":75,\"caption\":\"Coach Partners\"},\"image\":{\"@id\":\"https:\/\/www.coachpartners.be\/nl\/#logo\"}},{\"@type\":\"WebSite\",\"@id\":\"https:\/\/www.coachpartners.be\/nl\/#website\",\"url\":\"https:\/\/www.coachpartners.be\/nl\/\",\"name\":\"Coach Partners\",\"description\":\"\",\"publisher\":{\"@id\":\"https:\/\/www.coachpartners.be\/nl\/#organization\"},\"potentialAction\":[{\"@type\":\"SearchAction\",\"target\":\"https:\/\/www.coachpartners.be\/nl\/?s={search_term_string}\",\"query-input\":\"required name=search_term_string\"}],\"inLanguage\":\"fr-FR\"},{\"@type\":\"WebPage\",\"@id\":\"https:\/\/www.coachpartners.be\/fr\/companies-b2b\/#webpage\",\"url\":\"https:\/\/www.coachpartners.be\/fr\/companies-b2b\/\",\"name\":\"Companies + B2B - Coach Partners\",\"isPartOf\":{\"@id\":\"https:\/\/www.coachpartners.be\/nl\/#website\"},\"datePublished\":\"2019-04-11T12:21:13+00:00\",\"dateModified\":\"2019-07-04T11:34:10+00:00\",\"breadcrumb\":{\"@id\":\"https:\/\/www.coachpartners.be\/fr\/companies-b2b\/#breadcrumb\"},\"inLanguage\":\"fr-FR\",\"potentialAction\":[{\"@type\":\"ReadAction\",\"target\":[\"https:\/\/www.coachpartners.be\/fr\/companies-b2b\/\"]}]},{\"@type\":\"BreadcrumbList\",\"@id\":\"https:\/\/www.coachpartners.be\/fr\/companies-b2b\/#breadcrumb\",\"itemListElement\":[{\"@type\":\"ListItem\",\"position\":1,\"item\":{\"@type\":\"WebPage\",\"@id\":\"https:\/\/www.coachpartners.be\/fr\/\",\"url\":\"https:\/\/www.coachpartners.be\/fr\/\",\"name\":\"Home\"}},{\"@type\":\"ListItem\",\"position\":2,\"item\":{\"@id\":\"https:\/\/www.coachpartners.be\/fr\/companies-b2b\/#webpage\"}}]}]}<\/script>\n<!-- \/ Yoast SEO plugin. -->","_links":{"self":[{"href":"https:\/\/www.coachpartners.be\/fr\/wp-json\/wp\/v2\/pages\/569\/"}],"collection":[{"href":"https:\/\/www.coachpartners.be\/fr\/wp-json\/wp\/v2\/pages\/"}],"about":[{"href":"https:\/\/www.coachpartners.be\/fr\/wp-json\/wp\/v2\/types\/page\/"}],"author":[{"embeddable":true,"href":"https:\/\/www.coachpartners.be\/fr\/wp-json\/wp\/v2\/users\/2\/"}],"replies":[{"embeddable":true,"href":"https:\/\/www.coachpartners.be\/fr\/wp-json\/wp\/v2\/comments\/?post=569"}],"version-history":[{"count":7,"href":"https:\/\/www.coachpartners.be\/fr\/wp-json\/wp\/v2\/pages\/569\/revisions\/"}],"predecessor-version":[{"id":1279,"href":"https:\/\/www.coachpartners.be\/fr\/wp-json\/wp\/v2\/pages\/569\/revisions\/1279\/"}],"wp:attachment":[{"href":"https:\/\/www.coachpartners.be\/fr\/wp-json\/wp\/v2\/media\/?parent=569"}],"curies":[{"name":"wp","href":"https:\/\/api.w.org\/{rel}","templated":true}]}}